{"id":1896,"date":"2024-05-28T09:00:50","date_gmt":"2024-05-28T07:00:50","guid":{"rendered":"https:\/\/www.savo-moulding.com\/pie-de-imprenta\/"},"modified":"2025-04-17T18:21:22","modified_gmt":"2025-04-17T16:21:22","slug":"pie-de-imprenta","status":"publish","type":"page","link":"https:\/\/www.savo-moulding.com\/es\/pie-de-imprenta\/","title":{"rendered":"Pie de imprenta"},"content":{"rendered":"\t\t<div data-elementor-type=\"wp-page\" data-elementor-id=\"1896\" class=\"elementor elementor-1896 elementor-962\" data-elementor-post-type=\"page\">\n\t\t\t\t<div class=\"elementor-element elementor-element-2cab7ba e-flex e-con-boxed e-con e-parent\" data-id=\"2cab7ba\" data-element_type=\"container\" data-e-type=\"container\" data-settings=\"{&quot;background_background&quot;:&quot;classic&quot;}\">\n\t\t\t\t\t<div class=\"e-con-inner\">\n\t\t<div class=\"elementor-element elementor-element-390a403 e-flex e-con-boxed e-con e-child\" data-id=\"390a403\" data-element_type=\"container\" data-e-type=\"container\">\n\t\t\t\t\t<div class=\"e-con-inner\">\n\t\t\t\t<div class=\"elementor-element elementor-element-8201672 elementor-invisible elementor-widget elementor-widget-heading\" data-id=\"8201672\" data-element_type=\"widget\" data-e-type=\"widget\" data-settings=\"{&quot;_animation&quot;:&quot;fadeIn&quot;}\" data-widget_type=\"heading.default\">\n\t\t\t\t<div class=\"elementor-widget-container\">\n\t\t\t\t\t<h1 class=\"elementor-heading-title elementor-size-default\">Pie de imprenta<\/h1>\t\t\t\t<\/div>\n\t\t\t\t<\/div>\n\t\t\t\t\t<\/div>\n\t\t\t\t<\/div>\n\t\t\t\t\t<\/div>\n\t\t\t\t<\/div>\n\t\t<div class=\"elementor-element elementor-element-e5221b9 e-flex e-con-boxed e-con e-parent\" data-id=\"e5221b9\" data-element_type=\"container\" data-e-type=\"container\">\n\t\t\t\t\t<div class=\"e-con-inner\">\n\t\t\t\t<div class=\"elementor-element elementor-element-413d779 elementor-widget elementor-widget-text-editor\" data-id=\"413d779\" data-element_type=\"widget\" data-e-type=\"widget\" data-widget_type=\"text-editor.default\">\n\t\t\t\t<div class=\"elementor-widget-container\">\n\t\t\t\t\t\t\t\t\t<p>Autor:<br><strong>SAVO-TECHNIK Rotationsguss GmbH<\/strong><br>Am Heisterbusch 18<br>D-19246 Valluhn<\/p><p>Director General:<br>Ingolf Rasch \/ Thomas Fehling<\/p><p>Correo electr\u00f3nico: <a href=\"mailto:%20info@savogmbh.de\">info@savogmbh.de<\/a><\/p><p>Tel\u00e9fono: +49 &#8211; (0)38851 &#8211; 32 80-0<br>Registro mercantil: HRB11641 Juzgado de Primera Instancia de Schwerin<\/p><p>Dise\u00f1o \/ Realizaci\u00f3n: <a href=\"http:\/\/www.atcmedia.de\/\" target=\"_blank\" rel=\"noopener\">www.atcmedia.de<\/a><\/p><p>Fotos: <a href=\"http:\/\/de.fotolia.com\/\" target=\"_blank\" rel=\"noopener\">Fotolia.com<\/a><\/p><p> <\/p><p><strong>Descargo de responsabilidad<\/strong><\/p><p><strong>1. contenido de la oferta online <\/strong><br>El autor no asume ninguna responsabilidad por la actualidad, exactitud, integridad o calidad de la informaci\u00f3n proporcionada. Quedan fundamentalmente excluidas las reclamaciones de responsabilidad contra el autor relativas a da\u00f1os materiales o inmateriales causados por el uso o no uso de la informaci\u00f3n proporcionada o por el uso de informaci\u00f3n incorrecta o incompleta, a menos que existan pruebas de dolo o negligencia grave por parte del autor. Todas las ofertas est\u00e1n sujetas a cambios y no son vinculantes. El autor se reserva expresamente el derecho a modificar, completar o eliminar partes de las p\u00e1ginas o toda la oferta sin previo aviso o a cesar la publicaci\u00f3n temporal o permanentemente.   <\/p><p><strong>2. referencias y enlaces <\/strong><br>En el caso de referencias directas o indirectas a p\u00e1ginas web externas (\u00abenlaces\u00bb) que se encuentren fuera del \u00e1mbito de responsabilidad del autor, s\u00f3lo entrar\u00eda en vigor una obligaci\u00f3n de responsabilidad en el caso de que el autor tuviera conocimiento de los contenidos y le fuera t\u00e9cnicamente posible y razonable impedir el uso en caso de contenidos ilegales.<br>Por la presente, el autor declara expresamente que en el momento de crear los enlaces no era reconocible ning\u00fan contenido ilegal en las p\u00e1ginas enlazadas. El autor no tiene influencia alguna sobre el dise\u00f1o actual y futuro, el contenido o la autor\u00eda de las p\u00e1ginas enlazadas. Por lo tanto, el autor se distancia expresamente de todos los contenidos de todas las p\u00e1ginas enlazadas que se hayan modificado despu\u00e9s de crear el enlace. Esta declaraci\u00f3n se aplica a todos los enlaces y referencias establecidos dentro del propio sitio web del autor, as\u00ed como a las entradas de terceros en libros de visitas, foros de discusi\u00f3n y listas de correo creados por el autor. La responsabilidad por el contenido ilegal, incorrecto o incompleto y, en particular, por los da\u00f1os resultantes del uso o no uso de dicha informaci\u00f3n recae \u00fanicamente en el proveedor de la p\u00e1gina a la que se hace referencia, no en la persona que simplemente remite a la publicaci\u00f3n respectiva a trav\u00e9s de enlaces.    <\/p><p><strong>3. derechos de autor y derecho de marcas <\/strong><br>El autor se esfuerza por respetar los derechos de autor de los gr\u00e1ficos, documentos sonoros, secuencias de v\u00eddeo y textos utilizados en todas las publicaciones, por utilizar gr\u00e1ficos, documentos sonoros, secuencias de v\u00eddeo y textos creados por \u00e9l mismo o por utilizar gr\u00e1ficos, documentos sonoros, secuencias de v\u00eddeo y textos libres de licencia.<br>Todas las marcas y nombres comerciales mencionados en la oferta de Internet y posiblemente protegidos por terceros est\u00e1n sujetos sin restricciones a las disposiciones del derecho de marcas aplicable y a los derechos de propiedad de los respectivos propietarios registrados. \u00a1La mera menci\u00f3n de una marca no implica que no est\u00e9 protegida por derechos de terceros! <br>Los derechos de autor de los objetos publicados y creados por el propio autor pertenecen exclusivamente al autor de las p\u00e1ginas. Cualquier duplicaci\u00f3n o uso de objetos como diagramas, sonidos o textos en otras publicaciones electr\u00f3nicas o impresas no est\u00e1 permitido sin el consentimiento del autor. <\/p><p><strong>4. protecci\u00f3n de datos <\/strong><br>Si se ofrece la posibilidad de introducir datos personales o comerciales (direcciones de correo electr\u00f3nico, nombre, direcciones), la introducci\u00f3n de estos datos se realiza de forma voluntaria. El uso y el pago de todos los servicios ofrecidos tambi\u00e9n est\u00e1 permitido -en la medida en que sea t\u00e9cnicamente posible y razonable- sin introducir dichos datos o introduciendo datos an\u00f3nimos o un seud\u00f3nimo. <\/p><p><strong>5. validez legal de esta exenci\u00f3n de responsabilidad <\/strong><br>Esta exenci\u00f3n de responsabilidad debe considerarse parte de la publicaci\u00f3n en Internet desde la que se te remiti\u00f3. Si algunas secciones o t\u00e9rminos individuales de esta declaraci\u00f3n no son legales o correctos, el contenido o la validez de las otras partes no se ver\u00e1n afectados por este hecho. <\/p><p>Fuente: <a href=\"http:\/\/www.disclaimer.de\/\" target=\"_blank\" rel=\"noopener\">www.disclaimer.de<\/a><\/p>\t\t\t\t\t\t\t\t<\/div>\n\t\t\t\t<\/div>\n\t\t\t\t\t<\/div>\n\t\t\t\t<\/div>\n\t\t<div class=\"elementor-element elementor-element-71286f5 e-con-full e-flex e-con e-parent\" data-id=\"71286f5\" data-element_type=\"container\" data-e-type=\"container\" data-settings=\"{&quot;background_background&quot;:&quot;classic&quot;}\">\n\t\t<div class=\"elementor-element elementor-element-8fb5b47 e-con-full e-flex e-con e-child\" data-id=\"8fb5b47\" data-element_type=\"container\" data-e-type=\"container\">\n\t\t\t\t<div class=\"elementor-element elementor-element-f5d2941 elementor-invisible elementor-widget elementor-widget-heading\" data-id=\"f5d2941\" data-element_type=\"widget\" data-e-type=\"widget\" data-settings=\"{&quot;_animation&quot;:&quot;fadeIn&quot;}\" data-widget_type=\"heading.default\">\n\t\t\t\t<div class=\"elementor-widget-container\">\n\t\t\t\t\t<h2 class=\"elementor-heading-title elementor-size-default\">\u00bfQuieres saber m\u00e1s sobre nosotros?<\/h2>\t\t\t\t<\/div>\n\t\t\t\t<\/div>\n\t\t\t\t<div class=\"elementor-element elementor-element-67f51a3 elementor-invisible elementor-widget elementor-widget-text-editor\" data-id=\"67f51a3\" data-element_type=\"widget\" data-e-type=\"widget\" data-settings=\"{&quot;_animation&quot;:&quot;fadeIn&quot;,&quot;_animation_delay&quot;:300}\" data-widget_type=\"text-editor.default\">\n\t\t\t\t<div class=\"elementor-widget-container\">\n\t\t\t\t\t\t\t\t\t<p>Ponte en contacto con nosotros por correo electr\u00f3nico, tel\u00e9fono o mediante nuestro formulario de consulta. Esperamos recibir tu consulta. <\/p>\t\t\t\t\t\t\t\t<\/div>\n\t\t\t\t<\/div>\n\t\t\t\t<div class=\"elementor-element elementor-element-d3461a8 elementor-align-justify elementor-widget__width-initial elementor-invisible elementor-widget elementor-widget-button\" data-id=\"d3461a8\" data-element_type=\"widget\" data-e-type=\"widget\" data-settings=\"{&quot;_animation&quot;:&quot;fadeIn&quot;,&quot;_animation_delay&quot;:600}\" data-widget_type=\"button.default\">\n\t\t\t\t<div class=\"elementor-widget-container\">\n\t\t\t\t\t\t\t\t\t<div class=\"elementor-button-wrapper\">\n\t\t\t\t\t<a class=\"elementor-button elementor-button-link elementor-size-sm\" href=\"https:\/\/www.savo-moulding.com\/es\/contacta-con-nosotros\/\">\n\t\t\t\t\t\t<span class=\"elementor-button-content-wrapper\">\n\t\t\t\t\t\t\t\t\t<span class=\"elementor-button-text\">Tu consulta<\/span>\n\t\t\t\t\t<\/span>\n\t\t\t\t\t<\/a>\n\t\t\t\t<\/div>\n\t\t\t\t\t\t\t\t<\/div>\n\t\t\t\t<\/div>\n\t\t\t\t<\/div>\n\t\t<div class=\"elementor-element elementor-element-9e48365 e-con-full e-flex e-con e-child\" data-id=\"9e48365\" data-element_type=\"container\" data-e-type=\"container\" data-settings=\"{&quot;background_background&quot;:&quot;classic&quot;}\">\n\t\t\t\t<\/div>\n\t\t\t\t<\/div>\n\t\t\t\t<\/div>\n\t\t","protected":false},"excerpt":{"rendered":"<p>Pie de imprenta Autor:SAVO-TECHNIK Rotationsguss GmbHAm Heisterbusch 18D-19246 Valluhn Director General:Ingolf Rasch \/ Thomas Fehling Correo electr\u00f3nico: info@savogmbh.de Tel\u00e9fono: +49 &#8211; (0)38851 &#8211; 32 80-0Registro mercantil: HRB11641 Juzgado de Primera Instancia de Schwerin Dise\u00f1o \/ Realizaci\u00f3n: www.atcmedia.de Fotos: Fotolia.com Descargo de responsabilidad 1. contenido de la oferta online El autor no asume ninguna responsabilidad por [&hellip;]<\/p>\n","protected":false},"author":1,"featured_media":0,"parent":0,"menu_order":0,"comment_status":"closed","ping_status":"closed","template":"elementor_header_footer","meta":{"_angie_page":false,"footnotes":""},"class_list":["post-1896","page","type-page","status-publish","hentry"],"_links":{"self":[{"href":"https:\/\/www.savo-moulding.com\/es\/wp-json\/wp\/v2\/pages\/1896","targetHints":{"allow":["GET"]}}],"collection":[{"href":"https:\/\/www.savo-moulding.com\/es\/wp-json\/wp\/v2\/pages"}],"about":[{"href":"https:\/\/www.savo-moulding.com\/es\/wp-json\/wp\/v2\/types\/page"}],"author":[{"embeddable":true,"href":"https:\/\/www.savo-moulding.com\/es\/wp-json\/wp\/v2\/users\/1"}],"replies":[{"embeddable":true,"href":"https:\/\/www.savo-moulding.com\/es\/wp-json\/wp\/v2\/comments?post=1896"}],"version-history":[{"count":1,"href":"https:\/\/www.savo-moulding.com\/es\/wp-json\/wp\/v2\/pages\/1896\/revisions"}],"predecessor-version":[{"id":1897,"href":"https:\/\/www.savo-moulding.com\/es\/wp-json\/wp\/v2\/pages\/1896\/revisions\/1897"}],"wp:attachment":[{"href":"https:\/\/www.savo-moulding.com\/es\/wp-json\/wp\/v2\/media?parent=1896"}],"curies":[{"name":"wp","href":"https:\/\/api.w.org\/{rel}","templated":true}]}}