{"id":1946,"date":"2024-05-28T09:33:44","date_gmt":"2024-05-28T07:33:44","guid":{"rendered":"https:\/\/www.savo-moulding.com\/sistema-de-denuncia\/"},"modified":"2025-04-17T18:21:29","modified_gmt":"2025-04-17T16:21:29","slug":"sistema-de-denuncia","status":"publish","type":"page","link":"https:\/\/www.savo-moulding.com\/es\/sistema-de-denuncia\/","title":{"rendered":"Sistema de denuncia"},"content":{"rendered":"\t\t<div data-elementor-type=\"wp-page\" data-elementor-id=\"1946\" class=\"elementor elementor-1946 elementor-978\" data-elementor-post-type=\"page\">\n\t\t\t\t<div class=\"elementor-element elementor-element-1d4d8ec e-flex e-con-boxed e-con e-parent\" data-id=\"1d4d8ec\" data-element_type=\"container\" data-e-type=\"container\" data-settings=\"{&quot;background_background&quot;:&quot;classic&quot;}\">\n\t\t\t\t\t<div class=\"e-con-inner\">\n\t\t<div class=\"elementor-element elementor-element-796f8c7a e-flex e-con-boxed e-con e-child\" data-id=\"796f8c7a\" data-element_type=\"container\" data-e-type=\"container\">\n\t\t\t\t\t<div class=\"e-con-inner\">\n\t\t\t\t<div class=\"elementor-element elementor-element-19b14d5d elementor-invisible elementor-widget elementor-widget-heading\" data-id=\"19b14d5d\" data-element_type=\"widget\" data-e-type=\"widget\" data-settings=\"{&quot;_animation&quot;:&quot;fadeIn&quot;}\" data-widget_type=\"heading.default\">\n\t\t\t\t<div class=\"elementor-widget-container\">\n\t\t\t\t\t<h1 class=\"elementor-heading-title elementor-size-default\">Sistema de denuncia<\/h1>\t\t\t\t<\/div>\n\t\t\t\t<\/div>\n\t\t\t\t\t<\/div>\n\t\t\t\t<\/div>\n\t\t\t\t\t<\/div>\n\t\t\t\t<\/div>\n\t\t<div class=\"elementor-element elementor-element-e5221b9 e-flex e-con-boxed e-con e-parent\" data-id=\"e5221b9\" data-element_type=\"container\" data-e-type=\"container\">\n\t\t\t\t\t<div class=\"e-con-inner\">\n\t\t\t\t<div class=\"elementor-element elementor-element-413d779 elementor-widget elementor-widget-text-editor\" data-id=\"413d779\" data-element_type=\"widget\" data-e-type=\"widget\" data-widget_type=\"text-editor.default\">\n\t\t\t\t<div class=\"elementor-widget-container\">\n\t\t\t\t\t\t\t\t\t<p><b>La empresa SAVO Technik Rotationsguss GmbH forma parte del Grupo Possehl y es filial de Possehl Mittelstandsbeteiligungen GmbH (PMB).<\/b><\/p><p>En Possehl Mittelstandsbeteiligungen, es posible ponerse en contacto con un portal de denuncias interno, externo e independiente en caso de sospecha o conocimiento de un comportamiento ilegal o poco \u00e9tico y contribuir as\u00ed a la detecci\u00f3n de infracciones de las normas.<\/p><p>Se puede denunciar la conducta indebida de los empleados de nuestro grupo de empresas, as\u00ed como de nuestros proveedores y prestadores de servicios, en relaci\u00f3n con posibles infracciones de la ley o actos perjudiciales para la empresa, como corrupci\u00f3n, soborno, fraude, otros actos delictivos, trabajo infantil, esclavitud, falta de seguridad laboral, explotaci\u00f3n y discriminaci\u00f3n.<\/p><p>Los denunciantes no sufren ninguna desventaja como consecuencia de una denuncia. Las denuncias pueden hacerse en alem\u00e1n y en ingl\u00e9s. Las denuncias tambi\u00e9n pueden hacerse de forma an\u00f3nima si se desea.  <\/p><p><u>Portal de denuncias WhistleFox<\/u><\/p><p>Si tienes indicios concretos y fundados de infracciones legales o de incumplimientos de la normativa en Possehl Mittelstandsbeteiligungen o sospechas de tales infracciones, tienes las siguientes opciones para ponerte en contacto con nosotros:<\/p><ul><li>Mediante <a href=\"https:\/\/whistlefox.heuking.de\/start\/possehl-mittelstandsbeteiligungen-gmbh\/de\/D30D21D76CA5156687F676D9AF5F4A63\" target=\"_blank\" rel=\"noopener\">formulario web<\/a><\/li><li>por tel\u00e9fono: +49 221 2052-547<\/li><li>por fax: +49 221 2052-1<\/li><li>por correo electr\u00f3nico: <a href=\"mailto:c.schork@heuking.de\">schork@heuking.de<\/a><\/li><\/ul><p> <\/p><p>Se puede contactar con el centro de denuncias confidenciales (WhistleFox) las 24 horas del d\u00eda mediante formulario web, correo electr\u00f3nico, fax o correo postal, y por tel\u00e9fono durante el horario normal de oficina en d\u00edas laborables.<\/p><p>Tu persona de contacto es el Dr. Christoph Schork, abogado.<\/p><p><strong>Heuking K\u00fchn L\u00fcer Wojtek<\/strong><br>a la atenci\u00f3n del Dr. Christoph Schork<br>Magnusstra\u00dfe 13<br>50672 Colonia <\/p><p><em>Tambi\u00e9n es posible informar a centros oficiales de informaci\u00f3n externos.  <\/em><\/p><p><em>Son, por ejemplo<\/em><\/p><ul><li><em>la oficina de informes externos del gobierno federal en la Oficina Federal de Justicia;<\/em><\/li><li><em>centros de informaci\u00f3n externa del respectivo estado federal;<\/em><\/li><li><em>centros de informaci\u00f3n externos espec\u00edficamente responsables, por ejemplo, la Oficina Federal de C\u00e1rteles.<\/em><\/li><\/ul><p> <\/p><p>Ten en cuenta que el sistema de denuncia no est\u00e1 destinado a las quejas. Si no est\u00e1s satisfecho con los productos o servicios del Grupo Possehl, ponte en contacto con tu respectiva persona de contacto en la empresa. <\/p><p>Para obtener informaci\u00f3n conforme a la Ley de Diligencia Debida en la Cadena de Suministro, puedes encontrar m\u00e1s informaci\u00f3n sobre el procedimiento <a href=\"https:\/\/www.savo-moulding.com\/wp-content\/uploads\/2023\/02\/DOK5a_4200_PMB_20230201_Verfahrensordnung-Possehl_PMB_de.pdf\" target=\"_blank\" rel=\"noopener\">aqu\u00ed<\/a>.<\/p>\t\t\t\t\t\t\t\t<\/div>\n\t\t\t\t<\/div>\n\t\t\t\t\t<\/div>\n\t\t\t\t<\/div>\n\t\t<div class=\"elementor-element elementor-element-71286f5 e-con-full e-flex e-con e-parent\" data-id=\"71286f5\" data-element_type=\"container\" data-e-type=\"container\" data-settings=\"{&quot;background_background&quot;:&quot;classic&quot;}\">\n\t\t<div class=\"elementor-element elementor-element-8fb5b47 e-con-full e-flex e-con e-child\" data-id=\"8fb5b47\" data-element_type=\"container\" data-e-type=\"container\">\n\t\t\t\t<div class=\"elementor-element elementor-element-f5d2941 elementor-invisible elementor-widget elementor-widget-heading\" data-id=\"f5d2941\" data-element_type=\"widget\" data-e-type=\"widget\" data-settings=\"{&quot;_animation&quot;:&quot;fadeIn&quot;}\" data-widget_type=\"heading.default\">\n\t\t\t\t<div class=\"elementor-widget-container\">\n\t\t\t\t\t<h2 class=\"elementor-heading-title elementor-size-default\">\u00bfQuieres saber m\u00e1s sobre nosotros?<\/h2>\t\t\t\t<\/div>\n\t\t\t\t<\/div>\n\t\t\t\t<div class=\"elementor-element elementor-element-67f51a3 elementor-invisible elementor-widget elementor-widget-text-editor\" data-id=\"67f51a3\" data-element_type=\"widget\" data-e-type=\"widget\" data-settings=\"{&quot;_animation&quot;:&quot;fadeIn&quot;,&quot;_animation_delay&quot;:300}\" data-widget_type=\"text-editor.default\">\n\t\t\t\t<div class=\"elementor-widget-container\">\n\t\t\t\t\t\t\t\t\t<p>Ponte en contacto con nosotros por correo electr\u00f3nico, tel\u00e9fono o mediante nuestro formulario de consulta. Esperamos recibir tu consulta. <\/p>\t\t\t\t\t\t\t\t<\/div>\n\t\t\t\t<\/div>\n\t\t\t\t<div class=\"elementor-element elementor-element-d3461a8 elementor-align-justify elementor-widget__width-initial elementor-invisible elementor-widget elementor-widget-button\" data-id=\"d3461a8\" data-element_type=\"widget\" data-e-type=\"widget\" data-settings=\"{&quot;_animation&quot;:&quot;fadeIn&quot;,&quot;_animation_delay&quot;:600}\" data-widget_type=\"button.default\">\n\t\t\t\t<div class=\"elementor-widget-container\">\n\t\t\t\t\t\t\t\t\t<div class=\"elementor-button-wrapper\">\n\t\t\t\t\t<a class=\"elementor-button elementor-button-link elementor-size-sm\" href=\"https:\/\/www.savo-moulding.com\/es\/contacta-con-nosotros\/\">\n\t\t\t\t\t\t<span class=\"elementor-button-content-wrapper\">\n\t\t\t\t\t\t\t\t\t<span class=\"elementor-button-text\">Tu consulta<\/span>\n\t\t\t\t\t<\/span>\n\t\t\t\t\t<\/a>\n\t\t\t\t<\/div>\n\t\t\t\t\t\t\t\t<\/div>\n\t\t\t\t<\/div>\n\t\t\t\t<\/div>\n\t\t<div class=\"elementor-element elementor-element-9e48365 e-con-full e-flex e-con e-child\" data-id=\"9e48365\" data-element_type=\"container\" data-e-type=\"container\" data-settings=\"{&quot;background_background&quot;:&quot;classic&quot;}\">\n\t\t\t\t<\/div>\n\t\t\t\t<\/div>\n\t\t\t\t<\/div>\n\t\t","protected":false},"excerpt":{"rendered":"<p>Sistema de denuncia La empresa SAVO Technik Rotationsguss GmbH forma parte del Grupo Possehl y es filial de Possehl Mittelstandsbeteiligungen GmbH (PMB). En Possehl Mittelstandsbeteiligungen, es posible ponerse en contacto con un portal de denuncias interno, externo e independiente en caso de sospecha o conocimiento de un comportamiento ilegal o poco \u00e9tico y contribuir as\u00ed [&hellip;]<\/p>\n","protected":false},"author":1,"featured_media":0,"parent":0,"menu_order":0,"comment_status":"closed","ping_status":"closed","template":"elementor_header_footer","meta":{"_angie_page":false,"footnotes":""},"class_list":["post-1946","page","type-page","status-publish","hentry"],"_links":{"self":[{"href":"https:\/\/www.savo-moulding.com\/es\/wp-json\/wp\/v2\/pages\/1946","targetHints":{"allow":["GET"]}}],"collection":[{"href":"https:\/\/www.savo-moulding.com\/es\/wp-json\/wp\/v2\/pages"}],"about":[{"href":"https:\/\/www.savo-moulding.com\/es\/wp-json\/wp\/v2\/types\/page"}],"author":[{"embeddable":true,"href":"https:\/\/www.savo-moulding.com\/es\/wp-json\/wp\/v2\/users\/1"}],"replies":[{"embeddable":true,"href":"https:\/\/www.savo-moulding.com\/es\/wp-json\/wp\/v2\/comments?post=1946"}],"version-history":[{"count":1,"href":"https:\/\/www.savo-moulding.com\/es\/wp-json\/wp\/v2\/pages\/1946\/revisions"}],"predecessor-version":[{"id":1948,"href":"https:\/\/www.savo-moulding.com\/es\/wp-json\/wp\/v2\/pages\/1946\/revisions\/1948"}],"wp:attachment":[{"href":"https:\/\/www.savo-moulding.com\/es\/wp-json\/wp\/v2\/media?parent=1946"}],"curies":[{"name":"wp","href":"https:\/\/api.w.org\/{rel}","templated":true}]}}