{"id":1949,"date":"2024-05-23T11:42:34","date_gmt":"2024-05-23T09:42:34","guid":{"rendered":"https:\/\/www.savo-moulding.com\/productos\/"},"modified":"2025-04-17T18:21:30","modified_gmt":"2025-04-17T16:21:30","slug":"productos","status":"publish","type":"page","link":"https:\/\/www.savo-moulding.com\/es\/productos\/","title":{"rendered":"Productos"},"content":{"rendered":"\t\t<div data-elementor-type=\"wp-page\" data-elementor-id=\"1949\" class=\"elementor elementor-1949 elementor-687\" data-elementor-post-type=\"page\">\n\t\t\t\t<div class=\"elementor-element elementor-element-2a2993c1 e-con-full e-flex e-con e-parent\" data-id=\"2a2993c1\" data-element_type=\"container\" data-e-type=\"container\" data-settings=\"{&quot;background_background&quot;:&quot;classic&quot;}\">\n\t\t<div class=\"elementor-element elementor-element-67855f6 e-flex e-con-boxed e-con e-child\" data-id=\"67855f6\" data-element_type=\"container\" data-e-type=\"container\">\n\t\t\t\t\t<div class=\"e-con-inner\">\n\t\t\t\t<div class=\"elementor-element elementor-element-7cb567e0 elementor-invisible elementor-widget elementor-widget-heading\" data-id=\"7cb567e0\" data-element_type=\"widget\" data-e-type=\"widget\" data-settings=\"{&quot;_animation&quot;:&quot;fadeIn&quot;}\" data-widget_type=\"heading.default\">\n\t\t\t\t<div class=\"elementor-widget-container\">\n\t\t\t\t\t<h1 class=\"elementor-heading-title elementor-size-default\">Nuestros productos<\/h1>\t\t\t\t<\/div>\n\t\t\t\t<\/div>\n\t\t\t\t<div class=\"elementor-element elementor-element-78c2c890 elementor-widget-tablet__width-initial elementor-widget elementor-widget-text-editor\" data-id=\"78c2c890\" data-element_type=\"widget\" data-e-type=\"widget\" data-widget_type=\"text-editor.default\">\n\t\t\t\t<div class=\"elementor-widget-container\">\n\t\t\t\t\t\t\t\t\t<p>Obt\u00e9n una visi\u00f3n general de nuestros productos en nuestra galer\u00eda de productos.<\/p>\t\t\t\t\t\t\t\t<\/div>\n\t\t\t\t<\/div>\n\t\t\t\t\t<\/div>\n\t\t\t\t<\/div>\n\t\t\t\t<div class=\"elementor-element elementor-element-1eefa0c2 elementor-widget__width-initial elementor-absolute elementor-widget-mobile__width-inherit elementor-invisible elementor-widget elementor-widget-image\" data-id=\"1eefa0c2\" data-element_type=\"widget\" data-e-type=\"widget\" data-settings=\"{&quot;_position&quot;:&quot;absolute&quot;,&quot;_animation&quot;:&quot;slideInLeft&quot;}\" data-widget_type=\"image.default\">\n\t\t\t\t<div class=\"elementor-widget-container\">\n\t\t\t\t\t\t\t\t\t\t\t\t\t\t\t<img fetchpriority=\"high\" decoding=\"async\" width=\"1600\" height=\"864\" src=\"https:\/\/www.savo-moulding.com\/wp-content\/uploads\/2024\/05\/Fotolia_113612339_M.jpg\" class=\"attachment-full size-full wp-image-1951\" alt=\"\" srcset=\"https:\/\/www.savo-moulding.com\/wp-content\/uploads\/2024\/05\/Fotolia_113612339_M.jpg 1600w, https:\/\/www.savo-moulding.com\/wp-content\/uploads\/2024\/05\/Fotolia_113612339_M-300x162.jpg 300w, https:\/\/www.savo-moulding.com\/wp-content\/uploads\/2024\/05\/Fotolia_113612339_M-1024x553.jpg 1024w, https:\/\/www.savo-moulding.com\/wp-content\/uploads\/2024\/05\/Fotolia_113612339_M-768x415.jpg 768w, https:\/\/www.savo-moulding.com\/wp-content\/uploads\/2024\/05\/Fotolia_113612339_M-1536x829.jpg 1536w\" sizes=\"(max-width: 1600px) 100vw, 1600px\" \/>\t\t\t\t\t\t\t\t\t\t\t\t\t\t\t<\/div>\n\t\t\t\t<\/div>\n\t\t\t\t<\/div>\n\t\t<div class=\"elementor-element elementor-element-54a52142 e-flex e-con-boxed e-con e-parent\" data-id=\"54a52142\" data-element_type=\"container\" data-e-type=\"container\" data-settings=\"{&quot;background_background&quot;:&quot;classic&quot;}\">\n\t\t\t\t\t<div class=\"e-con-inner\">\n\t\t<div class=\"elementor-element elementor-element-4117badc e-con-full e-flex e-con e-child\" data-id=\"4117badc\" data-element_type=\"container\" data-e-type=\"container\" data-settings=\"{&quot;background_background&quot;:&quot;classic&quot;}\">\n\t\t\t\t<div class=\"elementor-element elementor-element-8026f4b elementor-widget elementor-widget-gallery\" data-id=\"8026f4b\" data-element_type=\"widget\" data-e-type=\"widget\" data-settings=\"{&quot;gallery_layout&quot;:&quot;masonry&quot;,&quot;columns&quot;:3,&quot;gap&quot;:{&quot;unit&quot;:&quot;px&quot;,&quot;size&quot;:50,&quot;sizes&quot;:[]},&quot;lazyload&quot;:&quot;yes&quot;,&quot;columns_tablet&quot;:2,&quot;columns_mobile&quot;:1,&quot;gap_tablet&quot;:{&quot;unit&quot;:&quot;px&quot;,&quot;size&quot;:10,&quot;sizes&quot;:[]},&quot;gap_mobile&quot;:{&quot;unit&quot;:&quot;px&quot;,&quot;size&quot;:10,&quot;sizes&quot;:[]},&quot;link_to&quot;:&quot;file&quot;,&quot;content_hover_animation&quot;:&quot;fade-in&quot;}\" data-widget_type=\"gallery.default\">\n\t\t\t\t<div class=\"elementor-widget-container\">\n\t\t\t\t\t\t\t<div class=\"elementor-gallery__container\">\n\t\t\t\t\t\t\t<a class=\"e-gallery-item elementor-gallery-item elementor-animated-content\" href=\"https:\/\/www.savo-moulding.com\/wp-content\/uploads\/2023\/10\/Draeger_Arm-1-1024x798-1.jpg\" data-elementor-open-lightbox=\"yes\" data-elementor-lightbox-slideshow=\"8026f4b\" data-e-action-hash=\"#elementor-action%3Aaction%3Dlightbox%26settings%3DeyJpZCI6NTE5LCJ1cmwiOiJodHRwczpcL1wvd3d3LnNhdm8tbW91bGRpbmcuY29tXC93cC1jb250ZW50XC91cGxvYWRzXC8yMDIzXC8xMFwvRHJhZWdlcl9Bcm0tMS0xMDI0eDc5OC0xLmpwZyIsInNsaWRlc2hvdyI6IjgwMjZmNGIifQ%3D%3D\">\n\t\t\t\t\t<div class=\"e-gallery-image elementor-gallery-item__image\" data-thumbnail=\"https:\/\/www.savo-moulding.com\/wp-content\/uploads\/2023\/10\/Draeger_Arm-1-1024x798-1.jpg\" data-width=\"1024\" data-height=\"798\" aria-label=\"\" role=\"img\" ><\/div>\n\t\t\t\t\t\t\t\t\t\t\t\t\t\t<\/a>\n\t\t\t\t\t\t\t<a class=\"e-gallery-item elementor-gallery-item elementor-animated-content\" href=\"https:\/\/www.savo-moulding.com\/wp-content\/uploads\/2023\/10\/Bodenrein_orange-1-862x1024-1.jpg\" data-elementor-open-lightbox=\"yes\" data-elementor-lightbox-slideshow=\"8026f4b\" data-e-action-hash=\"#elementor-action%3Aaction%3Dlightbox%26settings%3DeyJpZCI6NTE4LCJ1cmwiOiJodHRwczpcL1wvd3d3LnNhdm8tbW91bGRpbmcuY29tXC93cC1jb250ZW50XC91cGxvYWRzXC8yMDIzXC8xMFwvQm9kZW5yZWluX29yYW5nZS0xLTg2MngxMDI0LTEuanBnIiwic2xpZGVzaG93IjoiODAyNmY0YiJ9\">\n\t\t\t\t\t<div class=\"e-gallery-image elementor-gallery-item__image\" data-thumbnail=\"https:\/\/www.savo-moulding.com\/wp-content\/uploads\/2023\/10\/Bodenrein_orange-1-862x1024-1.jpg\" data-width=\"862\" data-height=\"1024\" aria-label=\"\" role=\"img\" ><\/div>\n\t\t\t\t\t\t\t\t\t\t\t\t\t\t<\/a>\n\t\t\t\t\t\t\t<a class=\"e-gallery-item elementor-gallery-item elementor-animated-content\" href=\"https:\/\/www.savo-moulding.com\/wp-content\/uploads\/2023\/10\/KirschenhoferT-1-1024x905-1.jpg\" data-elementor-open-lightbox=\"yes\" data-elementor-lightbox-slideshow=\"8026f4b\" data-e-action-hash=\"#elementor-action%3Aaction%3Dlightbox%26settings%3DeyJpZCI6NTE3LCJ1cmwiOiJodHRwczpcL1wvd3d3LnNhdm8tbW91bGRpbmcuY29tXC93cC1jb250ZW50XC91cGxvYWRzXC8yMDIzXC8xMFwvS2lyc2NoZW5ob2ZlclQtMS0xMDI0eDkwNS0xLmpwZyIsInNsaWRlc2hvdyI6IjgwMjZmNGIifQ%3D%3D\">\n\t\t\t\t\t<div class=\"e-gallery-image elementor-gallery-item__image\" data-thumbnail=\"https:\/\/www.savo-moulding.com\/wp-content\/uploads\/2023\/10\/KirschenhoferT-1-1024x905-1.jpg\" data-width=\"1024\" data-height=\"905\" aria-label=\"\" role=\"img\" ><\/div>\n\t\t\t\t\t\t\t\t\t\t\t\t\t\t<\/a>\n\t\t\t\t\t\t\t<a class=\"e-gallery-item elementor-gallery-item elementor-animated-content\" href=\"https:\/\/www.savo-moulding.com\/wp-content\/uploads\/2023\/10\/Johnson450FWT-1-1024x825-1.jpg\" data-elementor-open-lightbox=\"yes\" data-elementor-lightbox-slideshow=\"8026f4b\" data-e-action-hash=\"#elementor-action%3Aaction%3Dlightbox%26settings%3DeyJpZCI6NTE2LCJ1cmwiOiJodHRwczpcL1wvd3d3LnNhdm8tbW91bGRpbmcuY29tXC93cC1jb250ZW50XC91cGxvYWRzXC8yMDIzXC8xMFwvSm9obnNvbjQ1MEZXVC0xLTEwMjR4ODI1LTEuanBnIiwic2xpZGVzaG93IjoiODAyNmY0YiJ9\">\n\t\t\t\t\t<div class=\"e-gallery-image elementor-gallery-item__image\" data-thumbnail=\"https:\/\/www.savo-moulding.com\/wp-content\/uploads\/2023\/10\/Johnson450FWT-1-1024x825-1.jpg\" data-width=\"1024\" data-height=\"825\" aria-label=\"\" role=\"img\" ><\/div>\n\t\t\t\t\t\t\t\t\t\t\t\t\t\t<\/a>\n\t\t\t\t\t\t\t<a class=\"e-gallery-item elementor-gallery-item elementor-animated-content\" href=\"https:\/\/www.savo-moulding.com\/wp-content\/uploads\/2023\/10\/Hydrauliktank-1-1024x913-1.jpg\" data-elementor-open-lightbox=\"yes\" data-elementor-lightbox-slideshow=\"8026f4b\" data-e-action-hash=\"#elementor-action%3Aaction%3Dlightbox%26settings%3DeyJpZCI6NTE1LCJ1cmwiOiJodHRwczpcL1wvd3d3LnNhdm8tbW91bGRpbmcuY29tXC93cC1jb250ZW50XC91cGxvYWRzXC8yMDIzXC8xMFwvSHlkcmF1bGlrdGFuay0xLTEwMjR4OTEzLTEuanBnIiwic2xpZGVzaG93IjoiODAyNmY0YiJ9\">\n\t\t\t\t\t<div class=\"e-gallery-image elementor-gallery-item__image\" data-thumbnail=\"https:\/\/www.savo-moulding.com\/wp-content\/uploads\/2023\/10\/Hydrauliktank-1-1024x913-1.jpg\" data-width=\"1024\" data-height=\"913\" aria-label=\"\" role=\"img\" ><\/div>\n\t\t\t\t\t\t\t\t\t\t\t\t\t\t<\/a>\n\t\t\t\t\t\t\t<a class=\"e-gallery-item elementor-gallery-item elementor-animated-content\" href=\"https:\/\/www.savo-moulding.com\/wp-content\/uploads\/2023\/10\/Footboard-1-1024x874-1.jpg\" data-elementor-open-lightbox=\"yes\" data-elementor-lightbox-slideshow=\"8026f4b\" data-e-action-hash=\"#elementor-action%3Aaction%3Dlightbox%26settings%3DeyJpZCI6NTE0LCJ1cmwiOiJodHRwczpcL1wvd3d3LnNhdm8tbW91bGRpbmcuY29tXC93cC1jb250ZW50XC91cGxvYWRzXC8yMDIzXC8xMFwvRm9vdGJvYXJkLTEtMTAyNHg4NzQtMS5qcGciLCJzbGlkZXNob3ciOiI4MDI2ZjRiIn0%3D\">\n\t\t\t\t\t<div class=\"e-gallery-image elementor-gallery-item__image\" data-thumbnail=\"https:\/\/www.savo-moulding.com\/wp-content\/uploads\/2023\/10\/Footboard-1-1024x874-1.jpg\" data-width=\"1024\" data-height=\"874\" aria-label=\"\" role=\"img\" ><\/div>\n\t\t\t\t\t\t\t\t\t\t\t\t\t\t<\/a>\n\t\t\t\t\t\t\t<a class=\"e-gallery-item elementor-gallery-item elementor-animated-content\" href=\"https:\/\/www.savo-moulding.com\/wp-content\/uploads\/2023\/10\/Still_Luftverteiler-1-1024x694-1.jpg\" data-elementor-open-lightbox=\"yes\" data-elementor-lightbox-slideshow=\"8026f4b\" data-e-action-hash=\"#elementor-action%3Aaction%3Dlightbox%26settings%3DeyJpZCI6NTEzLCJ1cmwiOiJodHRwczpcL1wvd3d3LnNhdm8tbW91bGRpbmcuY29tXC93cC1jb250ZW50XC91cGxvYWRzXC8yMDIzXC8xMFwvU3RpbGxfTHVmdHZlcnRlaWxlci0xLTEwMjR4Njk0LTEuanBnIiwic2xpZGVzaG93IjoiODAyNmY0YiJ9\">\n\t\t\t\t\t<div class=\"e-gallery-image elementor-gallery-item__image\" data-thumbnail=\"https:\/\/www.savo-moulding.com\/wp-content\/uploads\/2023\/10\/Still_Luftverteiler-1-1024x694-1.jpg\" data-width=\"1024\" data-height=\"694\" aria-label=\"\" role=\"img\" ><\/div>\n\t\t\t\t\t\t\t\t\t\t\t\t\t\t<\/a>\n\t\t\t\t\t\t\t<a class=\"e-gallery-item elementor-gallery-item elementor-animated-content\" href=\"https:\/\/www.savo-moulding.com\/wp-content\/uploads\/2023\/10\/Motorabdeckung-1-1024x921-1.jpg\" data-elementor-open-lightbox=\"yes\" data-elementor-lightbox-slideshow=\"8026f4b\" data-e-action-hash=\"#elementor-action%3Aaction%3Dlightbox%26settings%3DeyJpZCI6NTEyLCJ1cmwiOiJodHRwczpcL1wvd3d3LnNhdm8tbW91bGRpbmcuY29tXC93cC1jb250ZW50XC91cGxvYWRzXC8yMDIzXC8xMFwvTW90b3JhYmRlY2t1bmctMS0xMDI0eDkyMS0xLmpwZyIsInNsaWRlc2hvdyI6IjgwMjZmNGIifQ%3D%3D\">\n\t\t\t\t\t<div class=\"e-gallery-image elementor-gallery-item__image\" data-thumbnail=\"https:\/\/www.savo-moulding.com\/wp-content\/uploads\/2023\/10\/Motorabdeckung-1-1024x921-1.jpg\" data-width=\"1024\" data-height=\"921\" aria-label=\"\" role=\"img\" ><\/div>\n\t\t\t\t\t\t\t\t\t\t\t\t\t\t<\/a>\n\t\t\t\t\t\t\t<a class=\"e-gallery-item elementor-gallery-item elementor-animated-content\" href=\"https:\/\/www.savo-moulding.com\/wp-content\/uploads\/2023\/10\/aufgesTank-1-1024x802-1.jpg\" data-elementor-open-lightbox=\"yes\" data-elementor-lightbox-slideshow=\"8026f4b\" data-e-action-hash=\"#elementor-action%3Aaction%3Dlightbox%26settings%3DeyJpZCI6NTExLCJ1cmwiOiJodHRwczpcL1wvd3d3LnNhdm8tbW91bGRpbmcuY29tXC93cC1jb250ZW50XC91cGxvYWRzXC8yMDIzXC8xMFwvYXVmZ2VzVGFuay0xLTEwMjR4ODAyLTEuanBnIiwic2xpZGVzaG93IjoiODAyNmY0YiJ9\">\n\t\t\t\t\t<div class=\"e-gallery-image elementor-gallery-item__image\" data-thumbnail=\"https:\/\/www.savo-moulding.com\/wp-content\/uploads\/2023\/10\/aufgesTank-1-1024x802-1.jpg\" data-width=\"1024\" data-height=\"802\" aria-label=\"\" role=\"img\" ><\/div>\n\t\t\t\t\t\t\t\t\t\t\t\t\t\t<\/a>\n\t\t\t\t\t\t\t<a class=\"e-gallery-item elementor-gallery-item elementor-animated-content\" href=\"https:\/\/www.savo-moulding.com\/wp-content\/uploads\/2023\/10\/Konsole-1-1024x873-1.jpg\" data-elementor-open-lightbox=\"yes\" data-elementor-lightbox-slideshow=\"8026f4b\" data-e-action-hash=\"#elementor-action%3Aaction%3Dlightbox%26settings%3DeyJpZCI6NTEwLCJ1cmwiOiJodHRwczpcL1wvd3d3LnNhdm8tbW91bGRpbmcuY29tXC93cC1jb250ZW50XC91cGxvYWRzXC8yMDIzXC8xMFwvS29uc29sZS0xLTEwMjR4ODczLTEuanBnIiwic2xpZGVzaG93IjoiODAyNmY0YiJ9\">\n\t\t\t\t\t<div class=\"e-gallery-image elementor-gallery-item__image\" data-thumbnail=\"https:\/\/www.savo-moulding.com\/wp-content\/uploads\/2023\/10\/Konsole-1-1024x873-1.jpg\" data-width=\"1024\" data-height=\"873\" aria-label=\"\" role=\"img\" ><\/div>\n\t\t\t\t\t\t\t\t\t\t\t\t\t\t<\/a>\n\t\t\t\t\t\t\t<a class=\"e-gallery-item elementor-gallery-item elementor-animated-content\" href=\"https:\/\/www.savo-moulding.com\/wp-content\/uploads\/2023\/10\/Wasserbehaelt-1.jpg\" data-elementor-open-lightbox=\"yes\" data-elementor-lightbox-slideshow=\"8026f4b\" data-e-action-hash=\"#elementor-action%3Aaction%3Dlightbox%26settings%3DeyJpZCI6NTA5LCJ1cmwiOiJodHRwczpcL1wvd3d3LnNhdm8tbW91bGRpbmcuY29tXC93cC1jb250ZW50XC91cGxvYWRzXC8yMDIzXC8xMFwvV2Fzc2VyYmVoYWVsdC0xLmpwZyIsInNsaWRlc2hvdyI6IjgwMjZmNGIifQ%3D%3D\">\n\t\t\t\t\t<div class=\"e-gallery-image elementor-gallery-item__image\" data-thumbnail=\"https:\/\/www.savo-moulding.com\/wp-content\/uploads\/2023\/10\/Wasserbehaelt-1.jpg\" data-width=\"1000\" data-height=\"665\" aria-label=\"\" role=\"img\" ><\/div>\n\t\t\t\t\t\t\t\t\t\t\t\t\t\t<\/a>\n\t\t\t\t\t\t\t<a class=\"e-gallery-item elementor-gallery-item elementor-animated-content\" href=\"https:\/\/www.savo-moulding.com\/wp-content\/uploads\/2023\/10\/Zinser_Duese-1-1024x813-1.jpg\" data-elementor-open-lightbox=\"yes\" data-elementor-lightbox-slideshow=\"8026f4b\" data-e-action-hash=\"#elementor-action%3Aaction%3Dlightbox%26settings%3DeyJpZCI6NTA4LCJ1cmwiOiJodHRwczpcL1wvd3d3LnNhdm8tbW91bGRpbmcuY29tXC93cC1jb250ZW50XC91cGxvYWRzXC8yMDIzXC8xMFwvWmluc2VyX0R1ZXNlLTEtMTAyNHg4MTMtMS5qcGciLCJzbGlkZXNob3ciOiI4MDI2ZjRiIn0%3D\">\n\t\t\t\t\t<div class=\"e-gallery-image elementor-gallery-item__image\" data-thumbnail=\"https:\/\/www.savo-moulding.com\/wp-content\/uploads\/2023\/10\/Zinser_Duese-1-1024x813-1.jpg\" data-width=\"1024\" data-height=\"813\" aria-label=\"\" role=\"img\" ><\/div>\n\t\t\t\t\t\t\t\t\t\t\t\t\t\t<\/a>\n\t\t\t\t\t\t\t<a class=\"e-gallery-item elementor-gallery-item elementor-animated-content\" href=\"https:\/\/www.savo-moulding.com\/wp-content\/uploads\/2023\/10\/Swatch_Display-1-876x1024-1.jpg\" data-elementor-open-lightbox=\"yes\" data-elementor-lightbox-slideshow=\"8026f4b\" data-e-action-hash=\"#elementor-action%3Aaction%3Dlightbox%26settings%3DeyJpZCI6NTA3LCJ1cmwiOiJodHRwczpcL1wvd3d3LnNhdm8tbW91bGRpbmcuY29tXC93cC1jb250ZW50XC91cGxvYWRzXC8yMDIzXC8xMFwvU3dhdGNoX0Rpc3BsYXktMS04NzZ4MTAyNC0xLmpwZyIsInNsaWRlc2hvdyI6IjgwMjZmNGIifQ%3D%3D\">\n\t\t\t\t\t<div class=\"e-gallery-image elementor-gallery-item__image\" data-thumbnail=\"https:\/\/www.savo-moulding.com\/wp-content\/uploads\/2023\/10\/Swatch_Display-1-876x1024-1.jpg\" data-width=\"876\" data-height=\"1024\" aria-label=\"\" role=\"img\" ><\/div>\n\t\t\t\t\t\t\t\t\t\t\t\t\t\t<\/a>\n\t\t\t\t\t\t\t<a class=\"e-gallery-item elementor-gallery-item elementor-animated-content\" href=\"https:\/\/www.savo-moulding.com\/wp-content\/uploads\/2023\/10\/Still_Wasserbehaelt-1-1024x870-1.jpg\" data-elementor-open-lightbox=\"yes\" data-elementor-lightbox-slideshow=\"8026f4b\" data-e-action-hash=\"#elementor-action%3Aaction%3Dlightbox%26settings%3DeyJpZCI6NTA2LCJ1cmwiOiJodHRwczpcL1wvd3d3LnNhdm8tbW91bGRpbmcuY29tXC93cC1jb250ZW50XC91cGxvYWRzXC8yMDIzXC8xMFwvU3RpbGxfV2Fzc2VyYmVoYWVsdC0xLTEwMjR4ODcwLTEuanBnIiwic2xpZGVzaG93IjoiODAyNmY0YiJ9\">\n\t\t\t\t\t<div class=\"e-gallery-image elementor-gallery-item__image\" data-thumbnail=\"https:\/\/www.savo-moulding.com\/wp-content\/uploads\/2023\/10\/Still_Wasserbehaelt-1-1024x870-1.jpg\" data-width=\"1024\" data-height=\"870\" aria-label=\"\" role=\"img\" ><\/div>\n\t\t\t\t\t\t\t\t\t\t\t\t\t\t<\/a>\n\t\t\t\t\t\t\t<a class=\"e-gallery-item elementor-gallery-item elementor-animated-content\" href=\"https:\/\/www.savo-moulding.com\/wp-content\/uploads\/2023\/10\/EOil_Tank-1-1.jpg\" data-elementor-open-lightbox=\"yes\" data-elementor-lightbox-slideshow=\"8026f4b\" data-e-action-hash=\"#elementor-action%3Aaction%3Dlightbox%26settings%3DeyJpZCI6NTA1LCJ1cmwiOiJodHRwczpcL1wvd3d3LnNhdm8tbW91bGRpbmcuY29tXC93cC1jb250ZW50XC91cGxvYWRzXC8yMDIzXC8xMFwvRU9pbF9UYW5rLTEtMS5qcGciLCJzbGlkZXNob3ciOiI4MDI2ZjRiIn0%3D\">\n\t\t\t\t\t<div class=\"e-gallery-image elementor-gallery-item__image\" data-thumbnail=\"https:\/\/www.savo-moulding.com\/wp-content\/uploads\/2023\/10\/EOil_Tank-1-1.jpg\" data-width=\"1063\" data-height=\"1089\" aria-label=\"\" role=\"img\" ><\/div>\n\t\t\t\t\t\t\t\t\t\t\t\t\t\t<\/a>\n\t\t\t\t\t<\/div>\n\t\t\t\t\t<\/div>\n\t\t\t\t<\/div>\n\t\t\t\t<\/div>\n\t\t\t\t\t<\/div>\n\t\t\t\t<\/div>\n\t\t<div class=\"elementor-element elementor-element-4a55f13 e-con-full e-flex e-con e-parent\" data-id=\"4a55f13\" data-element_type=\"container\" data-e-type=\"container\" data-settings=\"{&quot;background_background&quot;:&quot;classic&quot;}\">\n\t\t<div class=\"elementor-element elementor-element-3eb8315 e-con-full e-flex e-con e-child\" data-id=\"3eb8315\" data-element_type=\"container\" data-e-type=\"container\">\n\t\t\t\t<div class=\"elementor-element elementor-element-f1664d0 elementor-invisible elementor-widget elementor-widget-heading\" data-id=\"f1664d0\" data-element_type=\"widget\" data-e-type=\"widget\" data-settings=\"{&quot;_animation&quot;:&quot;fadeIn&quot;}\" data-widget_type=\"heading.default\">\n\t\t\t\t<div class=\"elementor-widget-container\">\n\t\t\t\t\t<h2 class=\"elementor-heading-title elementor-size-default\">\u00bfQuieres saber m\u00e1s sobre nosotros?<\/h2>\t\t\t\t<\/div>\n\t\t\t\t<\/div>\n\t\t\t\t<div class=\"elementor-element elementor-element-f0ac7a7 elementor-invisible elementor-widget elementor-widget-text-editor\" data-id=\"f0ac7a7\" data-element_type=\"widget\" data-e-type=\"widget\" data-settings=\"{&quot;_animation&quot;:&quot;fadeIn&quot;,&quot;_animation_delay&quot;:300}\" data-widget_type=\"text-editor.default\">\n\t\t\t\t<div class=\"elementor-widget-container\">\n\t\t\t\t\t\t\t\t\t<p>Ponte en contacto con nosotros por correo electr\u00f3nico, tel\u00e9fono o mediante nuestro formulario de consulta. Esperamos recibir tu consulta. <\/p>\t\t\t\t\t\t\t\t<\/div>\n\t\t\t\t<\/div>\n\t\t\t\t<div class=\"elementor-element elementor-element-996ec53 elementor-align-justify elementor-widget__width-initial elementor-invisible elementor-widget elementor-widget-button\" data-id=\"996ec53\" data-element_type=\"widget\" data-e-type=\"widget\" data-settings=\"{&quot;_animation&quot;:&quot;fadeIn&quot;,&quot;_animation_delay&quot;:600}\" data-widget_type=\"button.default\">\n\t\t\t\t<div class=\"elementor-widget-container\">\n\t\t\t\t\t\t\t\t\t<div class=\"elementor-button-wrapper\">\n\t\t\t\t\t<a class=\"elementor-button elementor-button-link elementor-size-sm\" href=\"https:\/\/www.savo-moulding.com\/es\/contacta-con-nosotros\/#anfrage\">\n\t\t\t\t\t\t<span class=\"elementor-button-content-wrapper\">\n\t\t\t\t\t\t\t\t\t<span class=\"elementor-button-text\">Tu consulta<\/span>\n\t\t\t\t\t<\/span>\n\t\t\t\t\t<\/a>\n\t\t\t\t<\/div>\n\t\t\t\t\t\t\t\t<\/div>\n\t\t\t\t<\/div>\n\t\t\t\t<\/div>\n\t\t<div class=\"elementor-element elementor-element-5b2ea26 e-con-full e-flex e-con e-child\" data-id=\"5b2ea26\" data-element_type=\"container\" data-e-type=\"container\" data-settings=\"{&quot;background_background&quot;:&quot;classic&quot;}\">\n\t\t\t\t<\/div>\n\t\t\t\t<\/div>\n\t\t\t\t<\/div>\n\t\t","protected":false},"excerpt":{"rendered":"<p>Nuestros productos Obt\u00e9n una visi\u00f3n general de nuestros productos en nuestra galer\u00eda de productos. \u00bfQuieres saber m\u00e1s sobre nosotros? Ponte en contacto con nosotros por correo electr\u00f3nico, tel\u00e9fono o mediante nuestro formulario de consulta. Esperamos recibir tu consulta. Tu consulta<\/p>\n","protected":false},"author":1,"featured_media":0,"parent":0,"menu_order":0,"comment_status":"closed","ping_status":"closed","template":"elementor_header_footer","meta":{"_angie_page":false,"footnotes":""},"class_list":["post-1949","page","type-page","status-publish","hentry"],"_links":{"self":[{"href":"https:\/\/www.savo-moulding.com\/es\/wp-json\/wp\/v2\/pages\/1949","targetHints":{"allow":["GET"]}}],"collection":[{"href":"https:\/\/www.savo-moulding.com\/es\/wp-json\/wp\/v2\/pages"}],"about":[{"href":"https:\/\/www.savo-moulding.com\/es\/wp-json\/wp\/v2\/types\/page"}],"author":[{"embeddable":true,"href":"https:\/\/www.savo-moulding.com\/es\/wp-json\/wp\/v2\/users\/1"}],"replies":[{"embeddable":true,"href":"https:\/\/www.savo-moulding.com\/es\/wp-json\/wp\/v2\/comments?post=1949"}],"version-history":[{"count":1,"href":"https:\/\/www.savo-moulding.com\/es\/wp-json\/wp\/v2\/pages\/1949\/revisions"}],"predecessor-version":[{"id":1969,"href":"https:\/\/www.savo-moulding.com\/es\/wp-json\/wp\/v2\/pages\/1949\/revisions\/1969"}],"wp:attachment":[{"href":"https:\/\/www.savo-moulding.com\/es\/wp-json\/wp\/v2\/media?parent=1949"}],"curies":[{"name":"wp","href":"https:\/\/api.w.org\/{rel}","templated":true}]}}