{"id":1981,"date":"2024-05-28T09:31:13","date_gmt":"2024-05-28T07:31:13","guid":{"rendered":"https:\/\/www.savo-moulding.com\/politica-de-privacidad\/"},"modified":"2025-04-17T18:21:38","modified_gmt":"2025-04-17T16:21:38","slug":"politica-de-privacidad","status":"publish","type":"page","link":"https:\/\/www.savo-moulding.com\/es\/politica-de-privacidad\/","title":{"rendered":"Pol\u00edtica de privacidad"},"content":{"rendered":"\t\t<div data-elementor-type=\"wp-page\" data-elementor-id=\"1981\" class=\"elementor elementor-1981 elementor-972\" data-elementor-post-type=\"page\">\n\t\t\t\t<div class=\"elementor-element elementor-element-0f4d3cc e-flex e-con-boxed e-con e-parent\" data-id=\"0f4d3cc\" data-element_type=\"container\" data-e-type=\"container\" data-settings=\"{&quot;background_background&quot;:&quot;classic&quot;}\">\n\t\t\t\t\t<div class=\"e-con-inner\">\n\t\t<div class=\"elementor-element elementor-element-9a3fd72 e-flex e-con-boxed e-con e-child\" data-id=\"9a3fd72\" data-element_type=\"container\" data-e-type=\"container\">\n\t\t\t\t\t<div class=\"e-con-inner\">\n\t\t\t\t<div class=\"elementor-element elementor-element-3c5d315 elementor-invisible elementor-widget elementor-widget-heading\" data-id=\"3c5d315\" data-element_type=\"widget\" data-e-type=\"widget\" data-settings=\"{&quot;_animation&quot;:&quot;fadeIn&quot;}\" data-widget_type=\"heading.default\">\n\t\t\t\t<div class=\"elementor-widget-container\">\n\t\t\t\t\t<h1 class=\"elementor-heading-title elementor-size-default\">Pol\u00edtica de privacidad<\/h1>\t\t\t\t<\/div>\n\t\t\t\t<\/div>\n\t\t\t\t\t<\/div>\n\t\t\t\t<\/div>\n\t\t\t\t\t<\/div>\n\t\t\t\t<\/div>\n\t\t<div class=\"elementor-element elementor-element-e5221b9 e-flex e-con-boxed e-con e-parent\" data-id=\"e5221b9\" data-element_type=\"container\" data-e-type=\"container\">\n\t\t\t\t\t<div class=\"e-con-inner\">\n\t\t\t\t<div class=\"elementor-element elementor-element-413d779 elementor-widget elementor-widget-text-editor\" data-id=\"413d779\" data-element_type=\"widget\" data-e-type=\"widget\" data-widget_type=\"text-editor.default\">\n\t\t\t\t<div class=\"elementor-widget-container\">\n\t\t\t\t\t\t\t\t\t<p>El responsable del tratamiento en el sentido de las leyes de protecci\u00f3n de datos, en particular el Reglamento General de Protecci\u00f3n de Datos de la UE (RGPD), es<\/p><p>SAVO-TECHNIK Rotationsguss GmbH<\/p><h3>Tus derechos como interesado<\/h3><p>Puedes ejercer los siguientes derechos en cualquier momento utilizando los datos de contacto de nuestro responsable de protecci\u00f3n de datos:<\/p><ul><li>Informaci\u00f3n sobre tus datos almacenados por nosotros y su tratamiento,<\/li><li>Correcci\u00f3n de datos personales incorrectos,<\/li><li>Eliminaci\u00f3n de tus datos almacenados por nosotros,<\/li><li>Restricci\u00f3n del tratamiento de datos si todav\u00eda no estamos autorizados a eliminar tus datos debido a obligaciones legales,<\/li><li>Oposici\u00f3n al tratamiento de tus datos por nuestra parte y<\/li><li>Portabilidad de los datos, siempre que hayas dado tu consentimiento al tratamiento de los datos o hayas celebrado un contrato con nosotros.<\/li><\/ul><p>Si nos has dado tu consentimiento, puedes revocarlo en cualquier momento con efectos para el futuro.<\/p><p>Puedes ponerte en contacto en cualquier momento con la autoridad supervisora competente para presentar una queja. Tu autoridad supervisora competente depende del estado federal de tu lugar de residencia, de tu trabajo o de la presunta infracci\u00f3n. Puedes encontrar una lista de autoridades supervisoras (para el sector no p\u00fablico) con direcciones en: <a href=\"https:\/\/www.bfdi.bund.de\/DE\/Infothek\/Anschriften_Links\/anschriften_links-node.html\" target=\"_blank\" rel=\"noopener noreferrer\">https:\/\/www.bfdi.bund.de\/DE\/Infothek\/Anschriften_Links\/anschriften_links-node.html.<\/a>  <\/p><h3>Fines del tratamiento de datos por el responsable del tratamiento y terceros<\/h3><p>S\u00f3lo procesamos tus datos personales para los fines indicados en esta pol\u00edtica de privacidad. Tus datos personales no se transmitir\u00e1n a terceros para fines distintos de los indicados. S\u00f3lo transmitimos tus datos personales a terceros si:  <\/p><ul><li>has dado tu consentimiento expreso,<\/li><li>el tratamiento es necesario para la ejecuci\u00f3n de un contrato contigo,<\/li><li>el tratamiento es necesario para el cumplimiento de una obligaci\u00f3n legal,<\/li><\/ul><p>el tratamiento es necesario para salvaguardar intereses leg\u00edtimos y no hay motivos para suponer que tienes un inter\u00e9s superior digno de protecci\u00f3n en que no se revelen tus datos.<\/p><h3>Supresi\u00f3n o bloqueo de los datos<\/h3><p>Nos adherimos a los principios de evitaci\u00f3n y minimizaci\u00f3n de datos. Por lo tanto, s\u00f3lo almacenamos tus datos personales durante el tiempo necesario para cumplir los fines aqu\u00ed indicados o durante los distintos periodos de almacenamiento estipulados por la ley. Una vez que el prop\u00f3sito respectivo ya no es aplicable o estos periodos han expirado, los datos correspondientes se bloquean o eliminan rutinariamente de acuerdo con las disposiciones legales.  <\/p><h3>Recogida de informaci\u00f3n general al visitar nuestro sitio web<\/h3><p>Cuando accedes a nuestro sitio web, se recopila autom\u00e1ticamente informaci\u00f3n de car\u00e1cter general mediante una cookie. Esta informaci\u00f3n (archivos de registro del servidor) incluye, por ejemplo, el tipo de navegador web, el sistema operativo utilizado, el nombre de dominio de tu proveedor de servicios de Internet y similares. Se trata exclusivamente de informaci\u00f3n que no permite extraer conclusiones sobre tu persona.  <\/p><p>Esta informaci\u00f3n es t\u00e9cnicamente necesaria para entregar correctamente el contenido del sitio web solicitado por ti y es obligatoria al utilizar Internet. Se procesa, en particular, para los siguientes fines: <\/p><ul><li>Garantizar una conexi\u00f3n fluida con el sitio web,<\/li><li>Garantizar el buen uso de nuestro sitio web,<\/li><li>Evaluaci\u00f3n de la seguridad y estabilidad del sistema y<\/li><li>para otros fines administrativos.<\/li><\/ul><p>El tratamiento de tus datos personales se basa en nuestro inter\u00e9s leg\u00edtimo a partir de los fines antes mencionados para la recogida de datos. No utilizamos tus datos para sacar conclusiones sobre tu persona. Los destinatarios de los datos son \u00fanicamente el responsable del tratamiento y, en su caso, los encargados del tratamiento.  <\/p><p>La informaci\u00f3n an\u00f3nima de este tipo puede ser evaluada estad\u00edsticamente por nosotros para optimizar nuestro sitio web y la tecnolog\u00eda que lo sustenta. <\/p><h3>Uso de bibliotecas de scripts (Google Webfonts)<\/h3><p>En este sitio web utilizamos bibliotecas de scripts y bibliotecas de fuentes como Google Webfonts<a href=\"http:\/\/www.google.com\/webfonts\/\" target=\"_blank\" rel=\"noopener noreferrer\">(https:\/\/www.google.com\/webfonts\/<\/a>) para mostrar nuestro contenido de forma correcta y gr\u00e1ficamente atractiva en todos los navegadores. Las fuentes web de Google se transfieren a la cach\u00e9 de tu navegador para evitar la carga m\u00faltiple. Si el navegador no admite las fuentes web de Google o impide el acceso, el contenido se muestra en una fuente est\u00e1ndar.  <\/p><p>La llamada a bibliotecas de scripts o de fuentes desencadena autom\u00e1ticamente una conexi\u00f3n con el operador de la biblioteca. Es te\u00f3ricamente posible -aunque actualmente no est\u00e1 claro si y con qu\u00e9 fines- que los operadores de dichas bibliotecas recopilen datos. <\/p><p>La pol\u00edtica de privacidad del operador de la biblioteca Google puede consultarse aqu\u00ed: <a href=\"https:\/\/www.google.com\/policies\/privacy\/\" target=\"_blank\" rel=\"noopener noreferrer\">https:\/\/www.google.com\/policies\/privacy\/<\/a><\/p><h3>Uso de Google Maps<\/h3><p>Este sitio web utiliza la API de Google Maps para visualizar informaci\u00f3n geogr\u00e1fica. Cuando se utiliza Google Maps, Google tambi\u00e9n recopila, procesa y utiliza datos sobre el uso de las funciones de mapas por parte de los visitantes. Puedes encontrar m\u00e1s informaci\u00f3n sobre el procesamiento de datos por parte de Google <a href=\"http:\/\/www.google.com\/privacypolicy.html\" target=\"_blank\" rel=\"noopener noreferrer\">en la informaci\u00f3n sobre protecci\u00f3n de datos de Google<\/a>. Tambi\u00e9n puedes cambiar all\u00ed tu configuraci\u00f3n de protecci\u00f3n de datos personales en el centro de protecci\u00f3n de datos.   <\/p><p><a href=\"http:\/\/www.dataliberation.org\/\" target=\"_blank\" rel=\"noopener noreferrer\"> Puedes encontrar instrucciones detalladas sobre la gesti\u00f3n de tus propios datos en relaci\u00f3n con los productos de Google aqu\u00ed<\/a>.<\/p><h3><strong>Cambios en nuestra pol\u00edtica de privacidad<\/strong><\/h3><p>Nos reservamos el derecho a modificar esta pol\u00edtica de privacidad para que cumpla siempre con los requisitos legales vigentes o para implementar cambios en nuestros servicios en la pol\u00edtica de privacidad, por ejemplo, al introducir nuevos servicios. La nueva pol\u00edtica de privacidad se aplicar\u00e1 entonces a tu pr\u00f3xima visita. <\/p><h3><strong>Preguntas para el responsable de la protecci\u00f3n de datos<\/strong><\/h3><p>Si tienes alguna pregunta sobre la protecci\u00f3n de datos, env\u00edanos un correo electr\u00f3nico o ponte en contacto directamente con la persona responsable de la protecci\u00f3n de datos en nuestra organizaci\u00f3n:<\/p><p><em>La pol\u00edtica de privacidad fue creada con el <\/em><a href=\"https:\/\/www.activemind.de\/datenschutz\/datenschutzhinweis-generator\/\" target=\"_blank\" rel=\"noopener noreferrer\"><em>generador de pol\u00edtica de privacidad de activeMind AG<\/em><\/a><em>.<\/em><\/p>\t\t\t\t\t\t\t\t<\/div>\n\t\t\t\t<\/div>\n\t\t\t\t\t<\/div>\n\t\t\t\t<\/div>\n\t\t<div class=\"elementor-element elementor-element-71286f5 e-con-full e-flex e-con e-parent\" data-id=\"71286f5\" data-element_type=\"container\" data-e-type=\"container\" data-settings=\"{&quot;background_background&quot;:&quot;classic&quot;}\">\n\t\t<div class=\"elementor-element elementor-element-8fb5b47 e-con-full e-flex e-con e-child\" data-id=\"8fb5b47\" data-element_type=\"container\" data-e-type=\"container\">\n\t\t\t\t<div class=\"elementor-element elementor-element-f5d2941 elementor-invisible elementor-widget elementor-widget-heading\" data-id=\"f5d2941\" data-element_type=\"widget\" data-e-type=\"widget\" data-settings=\"{&quot;_animation&quot;:&quot;fadeIn&quot;}\" data-widget_type=\"heading.default\">\n\t\t\t\t<div class=\"elementor-widget-container\">\n\t\t\t\t\t<h2 class=\"elementor-heading-title elementor-size-default\">\u00bfQuieres saber m\u00e1s sobre nosotros?<\/h2>\t\t\t\t<\/div>\n\t\t\t\t<\/div>\n\t\t\t\t<div class=\"elementor-element elementor-element-67f51a3 elementor-invisible elementor-widget elementor-widget-text-editor\" data-id=\"67f51a3\" data-element_type=\"widget\" data-e-type=\"widget\" data-settings=\"{&quot;_animation&quot;:&quot;fadeIn&quot;,&quot;_animation_delay&quot;:300}\" data-widget_type=\"text-editor.default\">\n\t\t\t\t<div class=\"elementor-widget-container\">\n\t\t\t\t\t\t\t\t\t<p>Ponte en contacto con nosotros por correo electr\u00f3nico, tel\u00e9fono o mediante nuestro formulario de consulta. Esperamos recibir tu consulta. <\/p>\t\t\t\t\t\t\t\t<\/div>\n\t\t\t\t<\/div>\n\t\t\t\t<div class=\"elementor-element elementor-element-d3461a8 elementor-align-justify elementor-widget__width-initial elementor-invisible elementor-widget elementor-widget-button\" data-id=\"d3461a8\" data-element_type=\"widget\" data-e-type=\"widget\" data-settings=\"{&quot;_animation&quot;:&quot;fadeIn&quot;,&quot;_animation_delay&quot;:600}\" data-widget_type=\"button.default\">\n\t\t\t\t<div class=\"elementor-widget-container\">\n\t\t\t\t\t\t\t\t\t<div class=\"elementor-button-wrapper\">\n\t\t\t\t\t<a class=\"elementor-button elementor-button-link elementor-size-sm\" href=\"https:\/\/www.savo-moulding.com\/es\/contacta-con-nosotros\/\">\n\t\t\t\t\t\t<span class=\"elementor-button-content-wrapper\">\n\t\t\t\t\t\t\t\t\t<span class=\"elementor-button-text\">Tu consulta<\/span>\n\t\t\t\t\t<\/span>\n\t\t\t\t\t<\/a>\n\t\t\t\t<\/div>\n\t\t\t\t\t\t\t\t<\/div>\n\t\t\t\t<\/div>\n\t\t\t\t<\/div>\n\t\t<div class=\"elementor-element elementor-element-9e48365 e-con-full e-flex e-con e-child\" data-id=\"9e48365\" data-element_type=\"container\" data-e-type=\"container\" data-settings=\"{&quot;background_background&quot;:&quot;classic&quot;}\">\n\t\t\t\t<\/div>\n\t\t\t\t<\/div>\n\t\t\t\t<\/div>\n\t\t","protected":false},"excerpt":{"rendered":"<p>Pol\u00edtica de privacidad El responsable del tratamiento en el sentido de las leyes de protecci\u00f3n de datos, en particular el Reglamento General de Protecci\u00f3n de Datos de la UE (RGPD), es SAVO-TECHNIK Rotationsguss GmbH Tus derechos como interesado Puedes ejercer los siguientes derechos en cualquier momento utilizando los datos de contacto de nuestro responsable de [&hellip;]<\/p>\n","protected":false},"author":1,"featured_media":0,"parent":0,"menu_order":0,"comment_status":"closed","ping_status":"closed","template":"elementor_header_footer","meta":{"_angie_page":false,"footnotes":""},"class_list":["post-1981","page","type-page","status-publish","hentry"],"_links":{"self":[{"href":"https:\/\/www.savo-moulding.com\/es\/wp-json\/wp\/v2\/pages\/1981","targetHints":{"allow":["GET"]}}],"collection":[{"href":"https:\/\/www.savo-moulding.com\/es\/wp-json\/wp\/v2\/pages"}],"about":[{"href":"https:\/\/www.savo-moulding.com\/es\/wp-json\/wp\/v2\/types\/page"}],"author":[{"embeddable":true,"href":"https:\/\/www.savo-moulding.com\/es\/wp-json\/wp\/v2\/users\/1"}],"replies":[{"embeddable":true,"href":"https:\/\/www.savo-moulding.com\/es\/wp-json\/wp\/v2\/comments?post=1981"}],"version-history":[{"count":1,"href":"https:\/\/www.savo-moulding.com\/es\/wp-json\/wp\/v2\/pages\/1981\/revisions"}],"predecessor-version":[{"id":1982,"href":"https:\/\/www.savo-moulding.com\/es\/wp-json\/wp\/v2\/pages\/1981\/revisions\/1982"}],"wp:attachment":[{"href":"https:\/\/www.savo-moulding.com\/es\/wp-json\/wp\/v2\/media?parent=1981"}],"curies":[{"name":"wp","href":"https:\/\/api.w.org\/{rel}","templated":true}]}}