{"id":1878,"date":"2024-05-24T12:05:11","date_gmt":"2024-05-24T10:05:11","guid":{"rendered":"https:\/\/www.savo-moulding.com\/qualite-et-environnement\/"},"modified":"2025-04-17T18:21:08","modified_gmt":"2025-04-17T16:21:08","slug":"qualite-et-environnement","status":"publish","type":"page","link":"https:\/\/www.savo-moulding.com\/fr\/qualite-et-environnement\/","title":{"rendered":"Qualit\u00e9 et environnement"},"content":{"rendered":"\t\t<div data-elementor-type=\"wp-page\" data-elementor-id=\"1878\" class=\"elementor elementor-1878 elementor-854\" data-elementor-post-type=\"page\">\n\t\t\t\t<div class=\"elementor-element elementor-element-1d4d8ec e-flex e-con-boxed e-con e-parent\" data-id=\"1d4d8ec\" data-element_type=\"container\" data-e-type=\"container\" data-settings=\"{&quot;background_background&quot;:&quot;classic&quot;}\">\n\t\t\t\t\t<div class=\"e-con-inner\">\n\t\t<div class=\"elementor-element elementor-element-796f8c7a e-con-full e-flex e-con e-child\" data-id=\"796f8c7a\" data-element_type=\"container\" data-e-type=\"container\">\n\t\t\t\t<div class=\"elementor-element elementor-element-19b14d5d elementor-invisible elementor-widget elementor-widget-heading\" data-id=\"19b14d5d\" data-element_type=\"widget\" data-e-type=\"widget\" data-settings=\"{&quot;_animation&quot;:&quot;fadeIn&quot;}\" data-widget_type=\"heading.default\">\n\t\t\t\t<div class=\"elementor-widget-container\">\n\t\t\t\t\t<h1 class=\"elementor-heading-title elementor-size-default\">Qualit\u00e9 et environnement<\/h1>\t\t\t\t<\/div>\n\t\t\t\t<\/div>\n\t\t\t\t<\/div>\n\t\t\t\t\t<\/div>\n\t\t\t\t<\/div>\n\t\t<div class=\"elementor-element elementor-element-6460feff e-con-full e-flex e-con e-parent\" data-id=\"6460feff\" data-element_type=\"container\" data-e-type=\"container\" data-settings=\"{&quot;background_background&quot;:&quot;classic&quot;}\">\n\t\t\t\t<div class=\"elementor-element elementor-element-13f51295 elementor-widget__width-inherit elementor-widget-mobile__width-initial elementor-invisible elementor-widget elementor-widget-image\" data-id=\"13f51295\" data-element_type=\"widget\" data-e-type=\"widget\" data-settings=\"{&quot;_animation&quot;:&quot;slideInDown&quot;}\" data-widget_type=\"image.default\">\n\t\t\t\t<div class=\"elementor-widget-container\">\n\t\t\t\t\t\t\t\t\t\t\t\t\t\t\t<img fetchpriority=\"high\" decoding=\"async\" width=\"1600\" height=\"880\" src=\"https:\/\/www.savo-moulding.com\/wp-content\/uploads\/2024\/05\/Fotolia_107957750_M.jpg\" class=\"attachment-full size-full wp-image-1785\" alt=\"\" srcset=\"https:\/\/www.savo-moulding.com\/wp-content\/uploads\/2024\/05\/Fotolia_107957750_M.jpg 1600w, https:\/\/www.savo-moulding.com\/wp-content\/uploads\/2024\/05\/Fotolia_107957750_M-300x165.jpg 300w, https:\/\/www.savo-moulding.com\/wp-content\/uploads\/2024\/05\/Fotolia_107957750_M-1024x563.jpg 1024w, https:\/\/www.savo-moulding.com\/wp-content\/uploads\/2024\/05\/Fotolia_107957750_M-768x422.jpg 768w, https:\/\/www.savo-moulding.com\/wp-content\/uploads\/2024\/05\/Fotolia_107957750_M-1536x845.jpg 1536w\" sizes=\"(max-width: 1600px) 100vw, 1600px\" \/>\t\t\t\t\t\t\t\t\t\t\t\t\t\t\t<\/div>\n\t\t\t\t<\/div>\n\t\t\t\t<\/div>\n\t\t<div class=\"elementor-element elementor-element-5ad1011 e-flex e-con-boxed e-con e-parent\" data-id=\"5ad1011\" data-element_type=\"container\" data-e-type=\"container\" data-settings=\"{&quot;background_background&quot;:&quot;classic&quot;}\">\n\t\t\t\t\t<div class=\"e-con-inner\">\n\t\t<div class=\"elementor-element elementor-element-58d5d44 e-con-full e-flex e-con e-child\" data-id=\"58d5d44\" data-element_type=\"container\" data-e-type=\"container\" data-settings=\"{&quot;motion_fx_motion_fx_scrolling&quot;:&quot;yes&quot;,&quot;motion_fx_translateY_effect&quot;:&quot;yes&quot;,&quot;motion_fx_translateY_direction&quot;:&quot;negative&quot;,&quot;motion_fx_translateY_speed&quot;:{&quot;unit&quot;:&quot;px&quot;,&quot;size&quot;:1,&quot;sizes&quot;:[]},&quot;motion_fx_translateY_affectedRange&quot;:{&quot;unit&quot;:&quot;%&quot;,&quot;size&quot;:&quot;&quot;,&quot;sizes&quot;:{&quot;start&quot;:0,&quot;end&quot;:100}},&quot;motion_fx_devices&quot;:[&quot;desktop&quot;,&quot;tablet&quot;,&quot;mobile&quot;]}\">\n\t\t\t\t<div class=\"elementor-element elementor-element-4580f28 elementor-invisible elementor-widget elementor-widget-heading\" data-id=\"4580f28\" data-element_type=\"widget\" data-e-type=\"widget\" data-settings=\"{&quot;_animation&quot;:&quot;fadeIn&quot;}\" data-widget_type=\"heading.default\">\n\t\t\t\t<div class=\"elementor-widget-container\">\n\t\t\t\t\t<h2 class=\"elementor-heading-title elementor-size-default\">La qualit\u00e9 par passion.<\/h2>\t\t\t\t<\/div>\n\t\t\t\t<\/div>\n\t\t\t\t<div class=\"elementor-element elementor-element-4c8466a elementor-invisible elementor-widget elementor-widget-text-editor\" data-id=\"4c8466a\" data-element_type=\"widget\" data-e-type=\"widget\" data-settings=\"{&quot;_animation&quot;:&quot;fadeIn&quot;,&quot;_animation_delay&quot;:200}\" data-widget_type=\"text-editor.default\">\n\t\t\t\t<div class=\"elementor-widget-container\">\n\t\t\t\t\t\t\t\t\t<p>Afin de vous garantir la qualit\u00e9 n\u00e9cessaire \u00e0 vos produits techniques et sophistiqu\u00e9s, nous avons d\u00e9velopp\u00e9 depuis plusieurs ann\u00e9es une solution logicielle interne. Celle-ci permet de tracer chaque composant \u00e0 l&rsquo;aide de codes-barres. <\/p><p>Au lieu de proc\u00e9der \u00e0 des contr\u00f4les al\u00e9atoires, nous documentons toutes les \u00e9tapes de la production sans exception. Vous pouvez ainsi suivre la production avec pr\u00e9cision gr\u00e2ce \u00e0 un protocole de fabrication et nous pouvons garantir la s\u00e9curit\u00e9 des processus et la reproductibilit\u00e9. <\/p><p>La satisfaction de nos clients est tr\u00e8s importante pour nous. C&rsquo;est pourquoi nous ne laissons rien au hasard. Pour garantir la pr\u00e9cision n\u00e9cessaire \u00e0 vos produits, nous utilisons des syst\u00e8mes d&rsquo;\u00e9quipement modernes dot\u00e9s d&rsquo;un contr\u00f4le de haute pr\u00e9cision.  <\/p><p>Pour s&rsquo;assurer que nos collaborateurs effectuent le bon geste \u00e0 chaque instant, ils sont r\u00e9guli\u00e8rement form\u00e9s. De plus, chaque rotative est \u00e9quip\u00e9e d&rsquo;un terminal qui permet aux employ\u00e9s de s&rsquo;autocontr\u00f4ler. <\/p>\t\t\t\t\t\t\t\t<\/div>\n\t\t\t\t<\/div>\n\t\t\t\t<\/div>\n\t\t<div class=\"elementor-element elementor-element-c5e15e0 e-con-full e-flex e-con e-child\" data-id=\"c5e15e0\" data-element_type=\"container\" data-e-type=\"container\" data-settings=\"{&quot;background_background&quot;:&quot;classic&quot;,&quot;animation&quot;:&quot;none&quot;}\">\n\t\t\t\t<div class=\"elementor-element elementor-element-5bab541 elementor-widget elementor-widget-image\" data-id=\"5bab541\" data-element_type=\"widget\" data-e-type=\"widget\" data-widget_type=\"image.default\">\n\t\t\t\t<div class=\"elementor-widget-container\">\n\t\t\t\t\t\t\t\t\t\t\t\t\t\t\t<img decoding=\"async\" width=\"500\" height=\"379\" src=\"https:\/\/www.savo-moulding.com\/wp-content\/uploads\/2024\/05\/barcode.jpg\" class=\"attachment-full size-full wp-image-1788\" alt=\"\" srcset=\"https:\/\/www.savo-moulding.com\/wp-content\/uploads\/2024\/05\/barcode.jpg 500w, https:\/\/www.savo-moulding.com\/wp-content\/uploads\/2024\/05\/barcode-300x227.jpg 300w\" sizes=\"(max-width: 500px) 100vw, 500px\" \/>\t\t\t\t\t\t\t\t\t\t\t\t\t\t\t<\/div>\n\t\t\t\t<\/div>\n\t\t\t\t<\/div>\n\t\t\t\t\t<\/div>\n\t\t\t\t<\/div>\n\t\t<div class=\"elementor-element elementor-element-eeade40 e-flex e-con-boxed e-con e-parent\" data-id=\"eeade40\" data-element_type=\"container\" data-e-type=\"container\" data-settings=\"{&quot;background_background&quot;:&quot;classic&quot;}\">\n\t\t\t\t\t<div class=\"e-con-inner\">\n\t\t<div class=\"elementor-element elementor-element-e891008 e-con-full e-flex e-con e-child\" data-id=\"e891008\" data-element_type=\"container\" data-e-type=\"container\" data-settings=\"{&quot;background_background&quot;:&quot;classic&quot;,&quot;animation&quot;:&quot;none&quot;}\">\n\t\t\t\t<div class=\"elementor-element elementor-element-a0c1826 elementor-widget elementor-widget-image\" data-id=\"a0c1826\" data-element_type=\"widget\" data-e-type=\"widget\" data-widget_type=\"image.default\">\n\t\t\t\t<div class=\"elementor-widget-container\">\n\t\t\t\t\t\t\t\t\t\t\t\t\t\t\t<img decoding=\"async\" width=\"600\" height=\"453\" src=\"https:\/\/www.savo-moulding.com\/wp-content\/uploads\/2024\/05\/plan_gross.jpg\" class=\"attachment-full size-full wp-image-1879\" alt=\"\" srcset=\"https:\/\/www.savo-moulding.com\/wp-content\/uploads\/2024\/05\/plan_gross.jpg 600w, https:\/\/www.savo-moulding.com\/wp-content\/uploads\/2024\/05\/plan_gross-300x227.jpg 300w\" sizes=\"(max-width: 600px) 100vw, 600px\" \/>\t\t\t\t\t\t\t\t\t\t\t\t\t\t\t<\/div>\n\t\t\t\t<\/div>\n\t\t\t\t<\/div>\n\t\t<div class=\"elementor-element elementor-element-46818e6 e-con-full e-flex e-con e-child\" data-id=\"46818e6\" data-element_type=\"container\" data-e-type=\"container\" data-settings=\"{&quot;motion_fx_motion_fx_scrolling&quot;:&quot;yes&quot;,&quot;motion_fx_translateY_effect&quot;:&quot;yes&quot;,&quot;motion_fx_translateY_direction&quot;:&quot;negative&quot;,&quot;motion_fx_translateY_speed&quot;:{&quot;unit&quot;:&quot;px&quot;,&quot;size&quot;:1,&quot;sizes&quot;:[]},&quot;motion_fx_translateY_affectedRange&quot;:{&quot;unit&quot;:&quot;%&quot;,&quot;size&quot;:&quot;&quot;,&quot;sizes&quot;:{&quot;start&quot;:0,&quot;end&quot;:100}},&quot;motion_fx_devices&quot;:[&quot;desktop&quot;,&quot;tablet&quot;,&quot;mobile&quot;]}\">\n\t\t\t\t<div class=\"elementor-element elementor-element-d2de14f elementor-invisible elementor-widget elementor-widget-heading\" data-id=\"d2de14f\" data-element_type=\"widget\" data-e-type=\"widget\" data-settings=\"{&quot;_animation&quot;:&quot;fadeIn&quot;}\" data-widget_type=\"heading.default\">\n\t\t\t\t<div class=\"elementor-widget-container\">\n\t\t\t\t\t<h2 class=\"elementor-heading-title elementor-size-default\">Logiciel \u00e0 la pointe de la technologie.<\/h2>\t\t\t\t<\/div>\n\t\t\t\t<\/div>\n\t\t\t\t<div class=\"elementor-element elementor-element-7ccba9d elementor-invisible elementor-widget elementor-widget-text-editor\" data-id=\"7ccba9d\" data-element_type=\"widget\" data-e-type=\"widget\" data-settings=\"{&quot;_animation&quot;:&quot;fadeIn&quot;,&quot;_animation_delay&quot;:200}\" data-widget_type=\"text-editor.default\">\n\t\t\t\t<div class=\"elementor-widget-container\">\n\t\t\t\t\t\t\t\t\t<p>Le logiciel que nous avons d\u00e9velopp\u00e9 comprend des nomenclatures d\u00e9taill\u00e9es avec des informations telles que l&#8217;emplacement du stock, la forme et l&rsquo;indice de modification. Des plans de travail sophistiqu\u00e9s guident le sp\u00e9cialiste de la fabrication \u00e0 travers les diff\u00e9rentes phases de production. Enfin, \u00e0 l&rsquo;aide de plans de contr\u00f4le, les corps creux sont contr\u00f4l\u00e9s, munis d&rsquo;un code-barres et comptabilis\u00e9s \u00e0 l&rsquo;aide d&rsquo;un scanner. Toutes les donn\u00e9es importantes sont stock\u00e9es sur un serveur et archiv\u00e9es pendant dix ans.   <\/p><p>Si, malgr\u00e9 tout le soin apport\u00e9 \u00e0 la fabrication, une erreur se produisait, nous pourrions l&rsquo;attribuer aux codes-barres et au protocole de fabrication et la corriger imm\u00e9diatement.<\/p><p>Il est de notre responsabilit\u00e9 de prot\u00e9ger la nature et d&rsquo;utiliser ses ressources avec parcimonie. Nous nous effor\u00e7ons d&rsquo;\u00e9conomiser les mati\u00e8res premi\u00e8res et l&rsquo;\u00e9nergie depuis la conception du produit jusqu&rsquo;\u00e0 sa fabrication et son exp\u00e9dition au client. Gr\u00e2ce \u00e0 des mesures de contr\u00f4le des processus, \u00e0 des dispositifs de r\u00e9cup\u00e9ration d&rsquo;\u00e9nergie et \u00e0 un syst\u00e8me de gestion de l&rsquo;\u00e9nergie audit\u00e9, nous contribuons activement \u00e0 la pr\u00e9servation de notre environnement de qualit\u00e9.  <\/p>\t\t\t\t\t\t\t\t<\/div>\n\t\t\t\t<\/div>\n\t\t\t\t<\/div>\n\t\t\t\t\t<\/div>\n\t\t\t\t<\/div>\n\t\t<div class=\"elementor-element elementor-element-895f295 e-con-full e-flex e-con e-parent\" data-id=\"895f295\" data-element_type=\"container\" data-e-type=\"container\" data-settings=\"{&quot;background_background&quot;:&quot;classic&quot;}\">\n\t\t<div class=\"elementor-element elementor-element-1ba2dcb e-con-full e-flex e-con e-child\" data-id=\"1ba2dcb\" data-element_type=\"container\" data-e-type=\"container\">\n\t\t\t\t<div class=\"elementor-element elementor-element-00fc292 elementor-invisible elementor-widget elementor-widget-heading\" data-id=\"00fc292\" data-element_type=\"widget\" data-e-type=\"widget\" data-settings=\"{&quot;_animation&quot;:&quot;fadeIn&quot;}\" data-widget_type=\"heading.default\">\n\t\t\t\t<div class=\"elementor-widget-container\">\n\t\t\t\t\t<h2 class=\"elementor-heading-title elementor-size-default\">Vous souhaitez en savoir plus sur nous ?<\/h2>\t\t\t\t<\/div>\n\t\t\t\t<\/div>\n\t\t\t\t<div class=\"elementor-element elementor-element-a495777 elementor-invisible elementor-widget elementor-widget-text-editor\" data-id=\"a495777\" data-element_type=\"widget\" data-e-type=\"widget\" data-settings=\"{&quot;_animation&quot;:&quot;fadeIn&quot;,&quot;_animation_delay&quot;:300}\" data-widget_type=\"text-editor.default\">\n\t\t\t\t<div class=\"elementor-widget-container\">\n\t\t\t\t\t\t\t\t\t<p>Contactez-nous par e-mail, par t\u00e9l\u00e9phone ou via notre formulaire de demande. Nous serons ravis de r\u00e9pondre \u00e0 votre demande. <\/p>\t\t\t\t\t\t\t\t<\/div>\n\t\t\t\t<\/div>\n\t\t\t\t<div class=\"elementor-element elementor-element-49dca9d elementor-align-justify elementor-widget__width-initial elementor-invisible elementor-widget elementor-widget-button\" data-id=\"49dca9d\" data-element_type=\"widget\" data-e-type=\"widget\" data-settings=\"{&quot;_animation&quot;:&quot;fadeIn&quot;,&quot;_animation_delay&quot;:600}\" data-widget_type=\"button.default\">\n\t\t\t\t<div class=\"elementor-widget-container\">\n\t\t\t\t\t\t\t\t\t<div class=\"elementor-button-wrapper\">\n\t\t\t\t\t<a class=\"elementor-button elementor-button-link elementor-size-sm\" href=\"https:\/\/www.savo-moulding.com\/kontakt\/#anfrage\">\n\t\t\t\t\t\t<span class=\"elementor-button-content-wrapper\">\n\t\t\t\t\t\t\t\t\t<span class=\"elementor-button-text\">Votre demande<\/span>\n\t\t\t\t\t<\/span>\n\t\t\t\t\t<\/a>\n\t\t\t\t<\/div>\n\t\t\t\t\t\t\t\t<\/div>\n\t\t\t\t<\/div>\n\t\t\t\t<\/div>\n\t\t<div class=\"elementor-element elementor-element-58c5136 e-con-full e-flex e-con e-child\" data-id=\"58c5136\" data-element_type=\"container\" data-e-type=\"container\" data-settings=\"{&quot;background_background&quot;:&quot;classic&quot;}\">\n\t\t\t\t<\/div>\n\t\t\t\t<\/div>\n\t\t\t\t<\/div>\n\t\t","protected":false},"excerpt":{"rendered":"<p>Qualit\u00e9 et environnement La qualit\u00e9 par passion. Afin de vous garantir la qualit\u00e9 n\u00e9cessaire \u00e0 vos produits techniques et sophistiqu\u00e9s, nous avons d\u00e9velopp\u00e9 depuis plusieurs ann\u00e9es une solution logicielle interne. Celle-ci permet de tracer chaque composant \u00e0 l&rsquo;aide de codes-barres. Au lieu de proc\u00e9der \u00e0 des contr\u00f4les al\u00e9atoires, nous documentons toutes les \u00e9tapes de la [&hellip;]<\/p>\n","protected":false},"author":1,"featured_media":0,"parent":0,"menu_order":0,"comment_status":"closed","ping_status":"closed","template":"elementor_header_footer","meta":{"_angie_page":false,"footnotes":""},"class_list":["post-1878","page","type-page","status-publish","hentry"],"_links":{"self":[{"href":"https:\/\/www.savo-moulding.com\/fr\/wp-json\/wp\/v2\/pages\/1878","targetHints":{"allow":["GET"]}}],"collection":[{"href":"https:\/\/www.savo-moulding.com\/fr\/wp-json\/wp\/v2\/pages"}],"about":[{"href":"https:\/\/www.savo-moulding.com\/fr\/wp-json\/wp\/v2\/types\/page"}],"author":[{"embeddable":true,"href":"https:\/\/www.savo-moulding.com\/fr\/wp-json\/wp\/v2\/users\/1"}],"replies":[{"embeddable":true,"href":"https:\/\/www.savo-moulding.com\/fr\/wp-json\/wp\/v2\/comments?post=1878"}],"version-history":[{"count":1,"href":"https:\/\/www.savo-moulding.com\/fr\/wp-json\/wp\/v2\/pages\/1878\/revisions"}],"predecessor-version":[{"id":1880,"href":"https:\/\/www.savo-moulding.com\/fr\/wp-json\/wp\/v2\/pages\/1878\/revisions\/1880"}],"wp:attachment":[{"href":"https:\/\/www.savo-moulding.com\/fr\/wp-json\/wp\/v2\/media?parent=1878"}],"curies":[{"name":"wp","href":"https:\/\/api.w.org\/{rel}","templated":true}]}}