{"id":1970,"date":"2024-05-28T09:31:13","date_gmt":"2024-05-28T07:31:13","guid":{"rendered":"https:\/\/www.savo-moulding.com\/declaration-de-confidentialite\/"},"modified":"2025-04-17T18:21:34","modified_gmt":"2025-04-17T16:21:34","slug":"declaration-de-confidentialite","status":"publish","type":"page","link":"https:\/\/www.savo-moulding.com\/fr\/declaration-de-confidentialite\/","title":{"rendered":"D\u00e9claration de confidentialit\u00e9"},"content":{"rendered":"\t\t<div data-elementor-type=\"wp-page\" data-elementor-id=\"1970\" class=\"elementor elementor-1970 elementor-972\" data-elementor-post-type=\"page\">\n\t\t\t\t<div class=\"elementor-element elementor-element-0f4d3cc e-flex e-con-boxed e-con e-parent\" data-id=\"0f4d3cc\" data-element_type=\"container\" data-e-type=\"container\" data-settings=\"{&quot;background_background&quot;:&quot;classic&quot;}\">\n\t\t\t\t\t<div class=\"e-con-inner\">\n\t\t<div class=\"elementor-element elementor-element-9a3fd72 e-flex e-con-boxed e-con e-child\" data-id=\"9a3fd72\" data-element_type=\"container\" data-e-type=\"container\">\n\t\t\t\t\t<div class=\"e-con-inner\">\n\t\t\t\t<div class=\"elementor-element elementor-element-3c5d315 elementor-invisible elementor-widget elementor-widget-heading\" data-id=\"3c5d315\" data-element_type=\"widget\" data-e-type=\"widget\" data-settings=\"{&quot;_animation&quot;:&quot;fadeIn&quot;}\" data-widget_type=\"heading.default\">\n\t\t\t\t<div class=\"elementor-widget-container\">\n\t\t\t\t\t<h1 class=\"elementor-heading-title elementor-size-default\">D\u00e9claration de confidentialit\u00e9<\/h1>\t\t\t\t<\/div>\n\t\t\t\t<\/div>\n\t\t\t\t\t<\/div>\n\t\t\t\t<\/div>\n\t\t\t\t\t<\/div>\n\t\t\t\t<\/div>\n\t\t<div class=\"elementor-element elementor-element-e5221b9 e-flex e-con-boxed e-con e-parent\" data-id=\"e5221b9\" data-element_type=\"container\" data-e-type=\"container\">\n\t\t\t\t\t<div class=\"e-con-inner\">\n\t\t\t\t<div class=\"elementor-element elementor-element-413d779 elementor-widget elementor-widget-text-editor\" data-id=\"413d779\" data-element_type=\"widget\" data-e-type=\"widget\" data-widget_type=\"text-editor.default\">\n\t\t\t\t<div class=\"elementor-widget-container\">\n\t\t\t\t\t\t\t\t\t<p>L&rsquo;organisme responsable au sens de la l\u00e9gislation sur la protection des donn\u00e9es, en particulier du R\u00e8glement g\u00e9n\u00e9ral sur la protection des donn\u00e9es (RGPD) de l&rsquo;UE, est :<\/p><p>SAVO-TECHNIK Rotationsguss GmbH<\/p><h3>Vos droits en tant que personne concern\u00e9e<\/h3><p>Vous pouvez \u00e0 tout moment exercer les droits suivants en utilisant les coordonn\u00e9es indiqu\u00e9es de notre d\u00e9l\u00e9gu\u00e9 \u00e0 la protection des donn\u00e9es :<\/p><ul><li>obtenir des informations sur les donn\u00e9es que nous d\u00e9tenons \u00e0 votre sujet et sur leur traitement,<\/li><li>Rectification des donn\u00e9es \u00e0 caract\u00e8re personnel inexactes,<\/li><li>Suppression des donn\u00e9es que nous d\u00e9tenons \u00e0 votre sujet,<\/li><li>la limitation du traitement des donn\u00e9es, dans la mesure o\u00f9 nous ne sommes pas encore autoris\u00e9s \u00e0 supprimer vos donn\u00e9es en raison d&rsquo;obligations l\u00e9gales,<\/li><li>vous opposer au traitement de vos donn\u00e9es par nos soins et<\/li><li>la portabilit\u00e9 des donn\u00e9es, si vous avez consenti au traitement des donn\u00e9es ou si vous avez conclu un contrat avec nous.<\/li><\/ul><p>Si vous nous avez donn\u00e9 votre consentement, vous pouvez le r\u00e9voquer \u00e0 tout moment avec effet pour l&rsquo;avenir.<\/p><p>Vous pouvez \u00e0 tout moment d\u00e9poser une plainte aupr\u00e8s de l&rsquo;autorit\u00e9 de contr\u00f4le dont vous d\u00e9pendez. L&rsquo;autorit\u00e9 de contr\u00f4le comp\u00e9tente d\u00e9pend de l&rsquo;\u00c9tat dans lequel vous r\u00e9sidez, travaillez ou avez commis une infraction pr\u00e9sum\u00e9e. Vous trouverez une liste des autorit\u00e9s de contr\u00f4le (pour le secteur non public) avec leur adresse \u00e0 l&rsquo;adresse <a href=\"https:\/\/www.bfdi.bund.de\/DE\/Infothek\/Anschriften_Links\/anschriften_links-node.html\" target=\"_blank\" rel=\"noopener noreferrer\">suivante : https:\/\/www.bfdi.bund.de\/DE\/Infothek\/Anschriften_Links\/anschriften_links-node.html.<\/a>  <\/p><h3>Finalit\u00e9s du traitement des donn\u00e9es par l&rsquo;entit\u00e9 responsable et les tiers<\/h3><p>Nous ne traitons vos donn\u00e9es personnelles qu&rsquo;aux fins mentionn\u00e9es dans la pr\u00e9sente d\u00e9claration de confidentialit\u00e9. Vos donn\u00e9es personnelles ne seront pas transmises \u00e0 des tiers \u00e0 des fins autres que celles mentionn\u00e9es. Nous ne transmettons vos donn\u00e9es personnelles \u00e0 des tiers que si :  <\/p><ul><li>vous avez donn\u00e9 votre consentement explicite \u00e0 cet effet<\/li><li>le traitement est n\u00e9cessaire \u00e0 l&rsquo;ex\u00e9cution d&rsquo;un contrat avec vous,<\/li><li>le traitement est n\u00e9cessaire au respect d&rsquo;une obligation l\u00e9gale,<\/li><\/ul><p>le traitement est n\u00e9cessaire \u00e0 la sauvegarde d&rsquo;int\u00e9r\u00eats l\u00e9gitimes et qu&rsquo;il n&rsquo;existe aucune raison de penser que vous avez un int\u00e9r\u00eat l\u00e9gitime sup\u00e9rieur \u00e0 ce que vos donn\u00e9es ne soient pas divulgu\u00e9es.<\/p><h3>Suppression ou blocage des donn\u00e9es<\/h3><p>Nous respectons les principes de pr\u00e9vention et de minimisation des donn\u00e9es. Nous ne conservons donc vos donn\u00e9es personnelles qu&rsquo;aussi longtemps que cela est n\u00e9cessaire pour atteindre les objectifs mentionn\u00e9s ici ou comme le pr\u00e9voient les multiples d\u00e9lais de conservation pr\u00e9vus par le l\u00e9gislateur. Apr\u00e8s la disparition de la finalit\u00e9 respective ou l&rsquo;expiration de ces d\u00e9lais, les donn\u00e9es correspondantes sont bloqu\u00e9es ou supprim\u00e9es de mani\u00e8re routini\u00e8re et conform\u00e9ment aux prescriptions l\u00e9gales.  <\/p><h3>Collecte d&rsquo;informations g\u00e9n\u00e9rales lors de la visite de notre site web<\/h3><p>Lorsque vous acc\u00e9dez \u00e0 notre site web, des informations de nature g\u00e9n\u00e9rale sont automatiquement collect\u00e9es au moyen d&rsquo;un cookie. Ces informations (fichiers journaux du serveur) comprennent le type de navigateur Web, le syst\u00e8me d&rsquo;exploitation utilis\u00e9, le nom de domaine de votre fournisseur d&rsquo;acc\u00e8s Internet et d&rsquo;autres informations similaires. Il s&rsquo;agit exclusivement d&rsquo;informations qui ne permettent pas de vous identifier.  <\/p><p>Ces informations sont techniquement n\u00e9cessaires pour fournir correctement le contenu des pages web que vous avez demand\u00e9es et sont obligatoires lors de l&rsquo;utilisation d&rsquo;Internet. Elles sont notamment trait\u00e9es aux fins suivantes : <\/p><ul><li>Assurer une connexion sans probl\u00e8me du site,<\/li><li>Assurer une bonne utilisation de notre site web,<\/li><li>l&rsquo;\u00e9valuation de la s\u00e9curit\u00e9 et de la stabilit\u00e9 du syst\u00e8me, et<\/li><li>\u00e0 d&rsquo;autres fins administratives.<\/li><\/ul><p>Le traitement de vos donn\u00e9es personnelles se fonde sur notre int\u00e9r\u00eat l\u00e9gitime d\u00e9coulant des objectifs de collecte de donn\u00e9es susmentionn\u00e9s. Nous n&rsquo;utilisons pas vos donn\u00e9es pour tirer des conclusions sur votre personne. Les destinataires des donn\u00e9es sont uniquement le service responsable et, le cas \u00e9ch\u00e9ant, les sous-traitants.  <\/p><p>Les informations anonymes de ce type peuvent faire l&rsquo;objet d&rsquo;une analyse statistique afin d&rsquo;optimiser notre site Internet et la technologie qui le sous-tend. <\/p><h3>Utilisation de biblioth\u00e8ques de scripts (Google Webfonts)<\/h3><p>Afin d&rsquo;afficher nos contenus correctement et de mani\u00e8re graphique sur tous les navigateurs, nous utilisons sur ce site des biblioth\u00e8ques de scripts et des biblioth\u00e8ques de polices telles que Google Webfonts<a href=\"http:\/\/www.google.com\/webfonts\/\" target=\"_blank\" rel=\"noopener noreferrer\">(https:\/\/www.google.com\/webfonts\/)<\/a>. Les polices Google Web sont transf\u00e9r\u00e9es dans le cache de votre navigateur afin d&rsquo;\u00e9viter les chargements r\u00e9p\u00e9t\u00e9s. Si le navigateur ne prend pas en charge les Google Webfonts ou en interdit l&rsquo;acc\u00e8s, le contenu sera affich\u00e9 dans une police standard.  <\/p><p>L&rsquo;appel de biblioth\u00e8ques de scripts ou de polices d\u00e9clenche automatiquement une connexion \u00e0 l&rsquo;exploitant de la biblioth\u00e8que. Il est th\u00e9oriquement possible que les exploitants de ces biblioth\u00e8ques collectent des donn\u00e9es, bien que l&rsquo;on ne sache pas actuellement s&rsquo;ils le font et, le cas \u00e9ch\u00e9ant, \u00e0 quelles fins. <\/p><p>Pour consulter la politique de confidentialit\u00e9 de l&rsquo;op\u00e9rateur de la biblioth\u00e8que, Google, cliquez ici <a href=\"https:\/\/www.google.com\/policies\/privacy\/\" target=\"_blank\" rel=\"noopener noreferrer\">: https:\/\/www.google.com\/policies\/privacy\/<\/a><\/p><h3>Utilisation de Google Maps<\/h3><p>Ce site utilise l&rsquo;API Google Maps pour repr\u00e9senter visuellement des informations g\u00e9ographiques. Lors de l&rsquo;utilisation de Google Maps, Google collecte, traite et utilise \u00e9galement des donn\u00e9es sur l&rsquo;utilisation des fonctions cartographiques par les visiteurs. Pour plus d&rsquo;informations sur le traitement des donn\u00e9es par Google, veuillez <a href=\"http:\/\/www.google.com\/privacypolicy.html\" target=\"_blank\" rel=\"noopener noreferrer\">consulter la politique de confidentialit\u00e9 de Google<\/a>. Vous pouvez \u00e9galement modifier vos param\u00e8tres de confidentialit\u00e9 personnels dans le Centre de confidentialit\u00e9.   <\/p><p><a href=\"http:\/\/www.dataliberation.org\/\" target=\"_blank\" rel=\"noopener noreferrer\"> Vous trouverez ici<\/a> des instructions d\u00e9taill\u00e9es sur la gestion de vos donn\u00e9es personnelles dans le cadre des produits Google.<\/p><h3><strong>Modification de notre politique de confidentialit\u00e9<\/strong><\/h3><p>Nous nous r\u00e9servons le droit d&rsquo;adapter la pr\u00e9sente d\u00e9claration de protection des donn\u00e9es afin qu&rsquo;elle soit toujours conforme aux exigences l\u00e9gales actuelles ou afin de mettre en \u0153uvre les modifications de nos prestations dans la d\u00e9claration de protection des donn\u00e9es, par exemple lors de l&rsquo;introduction de nouveaux services. La nouvelle d\u00e9claration de protection des donn\u00e9es s&rsquo;appliquera alors \u00e0 votre nouvelle visite. <\/p><h3><strong>Questions au d\u00e9l\u00e9gu\u00e9 \u00e0 la protection des donn\u00e9es<\/strong><\/h3><p>Si vous avez des questions concernant la protection des donn\u00e9es, veuillez nous envoyer un e-mail ou vous adresser directement au responsable de la protection des donn\u00e9es au sein de notre organisation :<\/p><p><em>La d\u00e9claration de confidentialit\u00e9 a \u00e9t\u00e9 cr\u00e9\u00e9e avec le <\/em><a href=\"https:\/\/www.activemind.de\/datenschutz\/datenschutzhinweis-generator\/\" target=\"_blank\" rel=\"noopener noreferrer\"><em>G\u00e9n\u00e9rateur de d\u00e9claration de protection des donn\u00e9es d&rsquo;activeMind AG<\/em><\/a><em>.<\/em><\/p>\t\t\t\t\t\t\t\t<\/div>\n\t\t\t\t<\/div>\n\t\t\t\t\t<\/div>\n\t\t\t\t<\/div>\n\t\t<div class=\"elementor-element elementor-element-71286f5 e-con-full e-flex e-con e-parent\" data-id=\"71286f5\" data-element_type=\"container\" data-e-type=\"container\" data-settings=\"{&quot;background_background&quot;:&quot;classic&quot;}\">\n\t\t<div class=\"elementor-element elementor-element-8fb5b47 e-con-full e-flex e-con e-child\" data-id=\"8fb5b47\" data-element_type=\"container\" data-e-type=\"container\">\n\t\t\t\t<div class=\"elementor-element elementor-element-f5d2941 elementor-invisible elementor-widget elementor-widget-heading\" data-id=\"f5d2941\" data-element_type=\"widget\" data-e-type=\"widget\" data-settings=\"{&quot;_animation&quot;:&quot;fadeIn&quot;}\" data-widget_type=\"heading.default\">\n\t\t\t\t<div class=\"elementor-widget-container\">\n\t\t\t\t\t<h2 class=\"elementor-heading-title elementor-size-default\">Vous souhaitez en savoir plus sur nous ?<\/h2>\t\t\t\t<\/div>\n\t\t\t\t<\/div>\n\t\t\t\t<div class=\"elementor-element elementor-element-67f51a3 elementor-invisible elementor-widget elementor-widget-text-editor\" data-id=\"67f51a3\" data-element_type=\"widget\" data-e-type=\"widget\" data-settings=\"{&quot;_animation&quot;:&quot;fadeIn&quot;,&quot;_animation_delay&quot;:300}\" data-widget_type=\"text-editor.default\">\n\t\t\t\t<div class=\"elementor-widget-container\">\n\t\t\t\t\t\t\t\t\t<p>Contactez-nous par e-mail, par t\u00e9l\u00e9phone ou via notre formulaire de demande. N&rsquo;h\u00e9sitez pas \u00e0 nous contacter.<\/p>\t\t\t\t\t\t\t\t<\/div>\n\t\t\t\t<\/div>\n\t\t\t\t<div class=\"elementor-element elementor-element-d3461a8 elementor-align-justify elementor-widget__width-initial elementor-invisible elementor-widget elementor-widget-button\" data-id=\"d3461a8\" data-element_type=\"widget\" data-e-type=\"widget\" data-settings=\"{&quot;_animation&quot;:&quot;fadeIn&quot;,&quot;_animation_delay&quot;:600}\" data-widget_type=\"button.default\">\n\t\t\t\t<div class=\"elementor-widget-container\">\n\t\t\t\t\t\t\t\t\t<div class=\"elementor-button-wrapper\">\n\t\t\t\t\t<a class=\"elementor-button elementor-button-link elementor-size-sm\" href=\"https:\/\/www.savo-moulding.com\/fr\/contact\/\">\n\t\t\t\t\t\t<span class=\"elementor-button-content-wrapper\">\n\t\t\t\t\t\t\t\t\t<span class=\"elementor-button-text\">Votre demande<\/span>\n\t\t\t\t\t<\/span>\n\t\t\t\t\t<\/a>\n\t\t\t\t<\/div>\n\t\t\t\t\t\t\t\t<\/div>\n\t\t\t\t<\/div>\n\t\t\t\t<\/div>\n\t\t<div class=\"elementor-element elementor-element-9e48365 e-con-full e-flex e-con e-child\" data-id=\"9e48365\" data-element_type=\"container\" data-e-type=\"container\" data-settings=\"{&quot;background_background&quot;:&quot;classic&quot;}\">\n\t\t\t\t<\/div>\n\t\t\t\t<\/div>\n\t\t\t\t<\/div>\n\t\t","protected":false},"excerpt":{"rendered":"<p>D\u00e9claration de confidentialit\u00e9 L&rsquo;organisme responsable au sens de la l\u00e9gislation sur la protection des donn\u00e9es, en particulier du R\u00e8glement g\u00e9n\u00e9ral sur la protection des donn\u00e9es (RGPD) de l&rsquo;UE, est : SAVO-TECHNIK Rotationsguss GmbH Vos droits en tant que personne concern\u00e9e Vous pouvez \u00e0 tout moment exercer les droits suivants en utilisant les coordonn\u00e9es indiqu\u00e9es de [&hellip;]<\/p>\n","protected":false},"author":1,"featured_media":0,"parent":0,"menu_order":0,"comment_status":"closed","ping_status":"closed","template":"elementor_header_footer","meta":{"_angie_page":false,"footnotes":""},"class_list":["post-1970","page","type-page","status-publish","hentry"],"_links":{"self":[{"href":"https:\/\/www.savo-moulding.com\/fr\/wp-json\/wp\/v2\/pages\/1970","targetHints":{"allow":["GET"]}}],"collection":[{"href":"https:\/\/www.savo-moulding.com\/fr\/wp-json\/wp\/v2\/pages"}],"about":[{"href":"https:\/\/www.savo-moulding.com\/fr\/wp-json\/wp\/v2\/types\/page"}],"author":[{"embeddable":true,"href":"https:\/\/www.savo-moulding.com\/fr\/wp-json\/wp\/v2\/users\/1"}],"replies":[{"embeddable":true,"href":"https:\/\/www.savo-moulding.com\/fr\/wp-json\/wp\/v2\/comments?post=1970"}],"version-history":[{"count":1,"href":"https:\/\/www.savo-moulding.com\/fr\/wp-json\/wp\/v2\/pages\/1970\/revisions"}],"predecessor-version":[{"id":1974,"href":"https:\/\/www.savo-moulding.com\/fr\/wp-json\/wp\/v2\/pages\/1970\/revisions\/1974"}],"wp:attachment":[{"href":"https:\/\/www.savo-moulding.com\/fr\/wp-json\/wp\/v2\/media?parent=1970"}],"curies":[{"name":"wp","href":"https:\/\/api.w.org\/{rel}","templated":true}]}}