{"id":1984,"date":"2024-05-28T09:33:44","date_gmt":"2024-05-28T07:33:44","guid":{"rendered":"https:\/\/www.savo-moulding.com\/systeme-dalerte\/"},"modified":"2025-04-17T18:21:43","modified_gmt":"2025-04-17T16:21:43","slug":"systeme-dalerte","status":"publish","type":"page","link":"https:\/\/www.savo-moulding.com\/fr\/systeme-dalerte\/","title":{"rendered":"Syst\u00e8me d&rsquo;alerte"},"content":{"rendered":"\t\t<div data-elementor-type=\"wp-page\" data-elementor-id=\"1984\" class=\"elementor elementor-1984 elementor-978\" data-elementor-post-type=\"page\">\n\t\t\t\t<div class=\"elementor-element elementor-element-1d4d8ec e-flex e-con-boxed e-con e-parent\" data-id=\"1d4d8ec\" data-element_type=\"container\" data-e-type=\"container\" data-settings=\"{&quot;background_background&quot;:&quot;classic&quot;}\">\n\t\t\t\t\t<div class=\"e-con-inner\">\n\t\t<div class=\"elementor-element elementor-element-796f8c7a e-flex e-con-boxed e-con e-child\" data-id=\"796f8c7a\" data-element_type=\"container\" data-e-type=\"container\">\n\t\t\t\t\t<div class=\"e-con-inner\">\n\t\t\t\t<div class=\"elementor-element elementor-element-19b14d5d elementor-invisible elementor-widget elementor-widget-heading\" data-id=\"19b14d5d\" data-element_type=\"widget\" data-e-type=\"widget\" data-settings=\"{&quot;_animation&quot;:&quot;fadeIn&quot;}\" data-widget_type=\"heading.default\">\n\t\t\t\t<div class=\"elementor-widget-container\">\n\t\t\t\t\t<h1 class=\"elementor-heading-title elementor-size-default\">Syst\u00e8me d'alerte<\/h1>\t\t\t\t<\/div>\n\t\t\t\t<\/div>\n\t\t\t\t\t<\/div>\n\t\t\t\t<\/div>\n\t\t\t\t\t<\/div>\n\t\t\t\t<\/div>\n\t\t<div class=\"elementor-element elementor-element-e5221b9 e-flex e-con-boxed e-con e-parent\" data-id=\"e5221b9\" data-element_type=\"container\" data-e-type=\"container\">\n\t\t\t\t\t<div class=\"e-con-inner\">\n\t\t\t\t<div class=\"elementor-element elementor-element-413d779 elementor-widget elementor-widget-text-editor\" data-id=\"413d779\" data-element_type=\"widget\" data-e-type=\"widget\" data-widget_type=\"text-editor.default\">\n\t\t\t\t<div class=\"elementor-widget-container\">\n\t\t\t\t\t\t\t\t\t<p><b>L&rsquo;entreprise SAVO Technik Rotationsguss GmbH fait partie du groupe Possehl et est une filiale de Possehl Mittelstandsbeteiligungen GmbH (PMB).<\/b><\/p><p>Chez Possehl Mittelstandsbeteiligungen, il est possible de s&rsquo;adresser \u00e0 un portail interne, externalis\u00e9 et ind\u00e9pendant de d\u00e9nonciation en cas de soup\u00e7on ou de connaissance d&rsquo;actes ill\u00e9gaux ou contraires \u00e0 l&rsquo;\u00e9thique, et de contribuer ainsi \u00e0 la d\u00e9couverte de violations des r\u00e8gles.<\/p><p>Il est possible de signaler les fautes commises par les collaborateurs de notre groupe d&rsquo;entreprises ainsi que par nos fournisseurs et prestataires de services en ce qui concerne d&rsquo;\u00e9ventuelles violations de la loi ou des actes pr\u00e9judiciables \u00e0 l&rsquo;entreprise, comme par exemple la corruption, les pots-de-vin, la fraude, d&rsquo;autres actes criminels, le travail des enfants, l&rsquo;esclavage, l&rsquo;absence de s\u00e9curit\u00e9 au travail, l&rsquo;exploitation et la discrimination.<\/p><p>Les auteurs de signalements ne subissent aucun pr\u00e9judice du fait d&rsquo;un signalement. Les signalements peuvent \u00eatre effectu\u00e9s en allemand ou en anglais. Les signalements peuvent \u00eatre anonymes.  <\/p><p><u>Portail de d\u00e9nonciation WhistleFox<\/u><\/p><p>Si vous avez des informations concr\u00e8tes et fond\u00e9es sur des violations de droits ou de r\u00e8gles chez Possehl Mittelstandsbeteiligungen ou si vous soup\u00e7onnez de telles violations, vous avez les possibilit\u00e9s suivantes pour nous contacter :<\/p><ul><li>Par <a href=\"https:\/\/whistlefox.heuking.de\/start\/possehl-mittelstandsbeteiligungen-gmbh\/de\/D30D21D76CA5156687F676D9AF5F4A63\" target=\"_blank\" rel=\"noopener\">formulaire web<\/a><\/li><li>par t\u00e9l\u00e9phone : +49 221 2052-547<\/li><li>par t\u00e9l\u00e9copie : +49 221 2052-1<\/li><li>par e-mail : <a href=\"mailto:c.schork@heuking.de\">schork@heuking.de<\/a><\/li><\/ul><p> <\/p><p>Le centre de signalement de confiance (WhistleFox) peut \u00eatre contact\u00e9 24 heures sur 24 par formulaire web, e-mail, fax ou courrier et par t\u00e9l\u00e9phone tous les jours ouvrables aux heures de bureau normales.<\/p><p>L&rsquo;avocat Dr. Christoph Schork est \u00e0 votre disposition.<\/p><p><strong>Heuking K\u00fchn L\u00fcer Wojtek<\/strong><br>\u00e0 l&rsquo;attention de Dr. Christoph Schork<br>Magnusstra\u00dfe 13<br>50672 Cologne <\/p><p><em>Il est \u00e9galement possible de signaler des cas \u00e0 des lignes d&rsquo;urgence externes aux autorit\u00e9s.  <\/em><\/p><p><em>Il s&rsquo;agit par exemple de<\/em><\/p><ul><li><em>le bureau de communication externe de la Conf\u00e9d\u00e9ration aupr\u00e8s de l&rsquo;Office f\u00e9d\u00e9ral de la justice ;<\/em><\/li><li><em>les lignes d&rsquo;information externes de l&rsquo;\u00c9tat f\u00e9d\u00e9ral concern\u00e9 ;<\/em><\/li><li><em>des lignes d&rsquo;information externes sp\u00e9cifiquement comp\u00e9tentes, par exemple aupr\u00e8s de l&rsquo;Office f\u00e9d\u00e9ral des ententes.<\/em><\/li><\/ul><p> <\/p><p>Veuillez noter que le syst\u00e8me d&rsquo;alerte n&rsquo;est pas destin\u00e9 aux plaintes. Si vous n&rsquo;\u00eates pas satisfait des produits ou services du groupe Possehl, veuillez contacter votre interlocuteur au sein de l&rsquo;entreprise. <\/p><p>Pour les avis en vertu de la loi sur les obligations de vigilance de la cha\u00eene d&rsquo;approvisionnement, vous trouverez d&rsquo;autres avis de proc\u00e9dure <a href=\"https:\/\/www.savo-moulding.com\/wp-content\/uploads\/2023\/02\/DOK5a_4200_PMB_20230201_Verfahrensordnung-Possehl_PMB_de.pdf\" target=\"_blank\" rel=\"noopener\">ici<\/a>.<\/p>\t\t\t\t\t\t\t\t<\/div>\n\t\t\t\t<\/div>\n\t\t\t\t\t<\/div>\n\t\t\t\t<\/div>\n\t\t<div class=\"elementor-element elementor-element-71286f5 e-con-full e-flex e-con e-parent\" data-id=\"71286f5\" data-element_type=\"container\" data-e-type=\"container\" data-settings=\"{&quot;background_background&quot;:&quot;classic&quot;}\">\n\t\t<div class=\"elementor-element elementor-element-8fb5b47 e-con-full e-flex e-con e-child\" data-id=\"8fb5b47\" data-element_type=\"container\" data-e-type=\"container\">\n\t\t\t\t<div class=\"elementor-element elementor-element-f5d2941 elementor-invisible elementor-widget elementor-widget-heading\" data-id=\"f5d2941\" data-element_type=\"widget\" data-e-type=\"widget\" data-settings=\"{&quot;_animation&quot;:&quot;fadeIn&quot;}\" data-widget_type=\"heading.default\">\n\t\t\t\t<div class=\"elementor-widget-container\">\n\t\t\t\t\t<h2 class=\"elementor-heading-title elementor-size-default\">Vous souhaitez en savoir plus sur nous ?<\/h2>\t\t\t\t<\/div>\n\t\t\t\t<\/div>\n\t\t\t\t<div class=\"elementor-element elementor-element-67f51a3 elementor-invisible elementor-widget elementor-widget-text-editor\" data-id=\"67f51a3\" data-element_type=\"widget\" data-e-type=\"widget\" data-settings=\"{&quot;_animation&quot;:&quot;fadeIn&quot;,&quot;_animation_delay&quot;:300}\" data-widget_type=\"text-editor.default\">\n\t\t\t\t<div class=\"elementor-widget-container\">\n\t\t\t\t\t\t\t\t\t<p>Contactez-nous par e-mail, par t\u00e9l\u00e9phone ou via notre formulaire de demande. N&rsquo;h\u00e9sitez pas \u00e0 nous contacter.<\/p>\t\t\t\t\t\t\t\t<\/div>\n\t\t\t\t<\/div>\n\t\t\t\t<div class=\"elementor-element elementor-element-d3461a8 elementor-align-justify elementor-widget__width-initial elementor-invisible elementor-widget elementor-widget-button\" data-id=\"d3461a8\" data-element_type=\"widget\" data-e-type=\"widget\" data-settings=\"{&quot;_animation&quot;:&quot;fadeIn&quot;,&quot;_animation_delay&quot;:600}\" data-widget_type=\"button.default\">\n\t\t\t\t<div class=\"elementor-widget-container\">\n\t\t\t\t\t\t\t\t\t<div class=\"elementor-button-wrapper\">\n\t\t\t\t\t<a class=\"elementor-button elementor-button-link elementor-size-sm\" href=\"https:\/\/www.savo-moulding.com\/fr\/contact\/\">\n\t\t\t\t\t\t<span class=\"elementor-button-content-wrapper\">\n\t\t\t\t\t\t\t\t\t<span class=\"elementor-button-text\">Votre demande<\/span>\n\t\t\t\t\t<\/span>\n\t\t\t\t\t<\/a>\n\t\t\t\t<\/div>\n\t\t\t\t\t\t\t\t<\/div>\n\t\t\t\t<\/div>\n\t\t\t\t<\/div>\n\t\t<div class=\"elementor-element elementor-element-9e48365 e-con-full e-flex e-con e-child\" data-id=\"9e48365\" data-element_type=\"container\" data-e-type=\"container\" data-settings=\"{&quot;background_background&quot;:&quot;classic&quot;}\">\n\t\t\t\t<\/div>\n\t\t\t\t<\/div>\n\t\t\t\t<\/div>\n\t\t","protected":false},"excerpt":{"rendered":"<p>Syst\u00e8me d&rsquo;alerte L&rsquo;entreprise SAVO Technik Rotationsguss GmbH fait partie du groupe Possehl et est une filiale de Possehl Mittelstandsbeteiligungen GmbH (PMB). Chez Possehl Mittelstandsbeteiligungen, il est possible de s&rsquo;adresser \u00e0 un portail interne, externalis\u00e9 et ind\u00e9pendant de d\u00e9nonciation en cas de soup\u00e7on ou de connaissance d&rsquo;actes ill\u00e9gaux ou contraires \u00e0 l&rsquo;\u00e9thique, et de contribuer ainsi [&hellip;]<\/p>\n","protected":false},"author":1,"featured_media":0,"parent":0,"menu_order":0,"comment_status":"closed","ping_status":"closed","template":"elementor_header_footer","meta":{"_angie_page":false,"footnotes":""},"class_list":["post-1984","page","type-page","status-publish","hentry"],"_links":{"self":[{"href":"https:\/\/www.savo-moulding.com\/fr\/wp-json\/wp\/v2\/pages\/1984","targetHints":{"allow":["GET"]}}],"collection":[{"href":"https:\/\/www.savo-moulding.com\/fr\/wp-json\/wp\/v2\/pages"}],"about":[{"href":"https:\/\/www.savo-moulding.com\/fr\/wp-json\/wp\/v2\/types\/page"}],"author":[{"embeddable":true,"href":"https:\/\/www.savo-moulding.com\/fr\/wp-json\/wp\/v2\/users\/1"}],"replies":[{"embeddable":true,"href":"https:\/\/www.savo-moulding.com\/fr\/wp-json\/wp\/v2\/comments?post=1984"}],"version-history":[{"count":1,"href":"https:\/\/www.savo-moulding.com\/fr\/wp-json\/wp\/v2\/pages\/1984\/revisions"}],"predecessor-version":[{"id":1988,"href":"https:\/\/www.savo-moulding.com\/fr\/wp-json\/wp\/v2\/pages\/1984\/revisions\/1988"}],"wp:attachment":[{"href":"https:\/\/www.savo-moulding.com\/fr\/wp-json\/wp\/v2\/media?parent=1984"}],"curies":[{"name":"wp","href":"https:\/\/api.w.org\/{rel}","templated":true}]}}