{"id":1881,"date":"2024-05-24T12:28:24","date_gmt":"2024-05-24T10:28:24","guid":{"rendered":"https:\/\/www.savo-moulding.com\/wiedza-specjalistyczna\/"},"modified":"2025-04-17T18:21:10","modified_gmt":"2025-04-17T16:21:10","slug":"wiedza-specjalistyczna","status":"publish","type":"page","link":"https:\/\/www.savo-moulding.com\/pl\/wiedza-specjalistyczna\/","title":{"rendered":"Wiedza specjalistyczna"},"content":{"rendered":"\t\t<div data-elementor-type=\"wp-page\" data-elementor-id=\"1881\" class=\"elementor elementor-1881 elementor-885\" data-elementor-post-type=\"page\">\n\t\t\t\t<div class=\"elementor-element elementor-element-1d4d8ec e-flex e-con-boxed e-con e-parent\" data-id=\"1d4d8ec\" data-element_type=\"container\" data-e-type=\"container\" data-settings=\"{&quot;background_background&quot;:&quot;classic&quot;}\">\n\t\t\t\t\t<div class=\"e-con-inner\">\n\t\t<div class=\"elementor-element elementor-element-796f8c7a e-con-full e-flex e-con e-child\" data-id=\"796f8c7a\" data-element_type=\"container\" data-e-type=\"container\">\n\t\t\t\t<div class=\"elementor-element elementor-element-19b14d5d elementor-invisible elementor-widget elementor-widget-heading\" data-id=\"19b14d5d\" data-element_type=\"widget\" data-e-type=\"widget\" data-settings=\"{&quot;_animation&quot;:&quot;fadeIn&quot;}\" data-widget_type=\"heading.default\">\n\t\t\t\t<div class=\"elementor-widget-container\">\n\t\t\t\t\t<h1 class=\"elementor-heading-title elementor-size-default\">Wiedza specjalistyczna<\/h1>\t\t\t\t<\/div>\n\t\t\t\t<\/div>\n\t\t\t\t<\/div>\n\t\t\t\t\t<\/div>\n\t\t\t\t<\/div>\n\t\t<div class=\"elementor-element elementor-element-6460feff e-con-full e-flex e-con e-parent\" data-id=\"6460feff\" data-element_type=\"container\" data-e-type=\"container\" data-settings=\"{&quot;background_background&quot;:&quot;classic&quot;}\">\n\t\t\t\t<div class=\"elementor-element elementor-element-13f51295 elementor-widget__width-inherit elementor-widget-mobile__width-initial elementor-invisible elementor-widget elementor-widget-image\" data-id=\"13f51295\" data-element_type=\"widget\" data-e-type=\"widget\" data-settings=\"{&quot;_animation&quot;:&quot;slideInDown&quot;}\" data-widget_type=\"image.default\">\n\t\t\t\t<div class=\"elementor-widget-container\">\n\t\t\t\t\t\t\t\t\t\t\t\t\t\t\t<img fetchpriority=\"high\" decoding=\"async\" width=\"1600\" height=\"788\" src=\"https:\/\/www.savo-moulding.com\/wp-content\/uploads\/2024\/05\/Fotolia_125088903_M.jpg\" class=\"attachment-full size-full wp-image-1871\" alt=\"\" srcset=\"https:\/\/www.savo-moulding.com\/wp-content\/uploads\/2024\/05\/Fotolia_125088903_M.jpg 1600w, https:\/\/www.savo-moulding.com\/wp-content\/uploads\/2024\/05\/Fotolia_125088903_M-300x148.jpg 300w, https:\/\/www.savo-moulding.com\/wp-content\/uploads\/2024\/05\/Fotolia_125088903_M-1024x504.jpg 1024w, https:\/\/www.savo-moulding.com\/wp-content\/uploads\/2024\/05\/Fotolia_125088903_M-768x378.jpg 768w, https:\/\/www.savo-moulding.com\/wp-content\/uploads\/2024\/05\/Fotolia_125088903_M-1536x756.jpg 1536w\" sizes=\"(max-width: 1600px) 100vw, 1600px\" \/>\t\t\t\t\t\t\t\t\t\t\t\t\t\t\t<\/div>\n\t\t\t\t<\/div>\n\t\t\t\t<\/div>\n\t\t<div class=\"elementor-element elementor-element-5ad1011 e-flex e-con-boxed e-con e-parent\" data-id=\"5ad1011\" data-element_type=\"container\" data-e-type=\"container\" data-settings=\"{&quot;background_background&quot;:&quot;classic&quot;}\">\n\t\t\t\t\t<div class=\"e-con-inner\">\n\t\t<div class=\"elementor-element elementor-element-58d5d44 e-con-full e-flex e-con e-child\" data-id=\"58d5d44\" data-element_type=\"container\" data-e-type=\"container\" data-settings=\"{&quot;motion_fx_motion_fx_scrolling&quot;:&quot;yes&quot;,&quot;motion_fx_translateY_effect&quot;:&quot;yes&quot;,&quot;motion_fx_translateY_direction&quot;:&quot;negative&quot;,&quot;motion_fx_translateY_speed&quot;:{&quot;unit&quot;:&quot;px&quot;,&quot;size&quot;:1,&quot;sizes&quot;:[]},&quot;motion_fx_translateY_affectedRange&quot;:{&quot;unit&quot;:&quot;%&quot;,&quot;size&quot;:&quot;&quot;,&quot;sizes&quot;:{&quot;start&quot;:0,&quot;end&quot;:100}},&quot;motion_fx_devices&quot;:[&quot;desktop&quot;,&quot;tablet&quot;,&quot;mobile&quot;]}\">\n\t\t\t\t<div class=\"elementor-element elementor-element-4580f28 elementor-invisible elementor-widget elementor-widget-heading\" data-id=\"4580f28\" data-element_type=\"widget\" data-e-type=\"widget\" data-settings=\"{&quot;_animation&quot;:&quot;fadeIn&quot;}\" data-widget_type=\"heading.default\">\n\t\t\t\t<div class=\"elementor-widget-container\">\n\t\t\t\t\t<h2 class=\"elementor-heading-title elementor-size-default\">Produkujemy zgodnie z najwy\u017cszymi standardami.<\/h2>\t\t\t\t<\/div>\n\t\t\t\t<\/div>\n\t\t\t\t<div class=\"elementor-element elementor-element-4c8466a elementor-invisible elementor-widget elementor-widget-text-editor\" data-id=\"4c8466a\" data-element_type=\"widget\" data-e-type=\"widget\" data-settings=\"{&quot;_animation&quot;:&quot;fadeIn&quot;,&quot;_animation_delay&quot;:200}\" data-widget_type=\"text-editor.default\">\n\t\t\t\t<div class=\"elementor-widget-container\">\n\t\t\t\t\t\t\t\t\t<p>Nasi klienci ciesz\u0105 si\u0119 uznaniem i w zwi\u0105zku z tym maj\u0105 najwy\u017csze oczekiwania.  <span style=\"color: var( --e-global-color-43e86c6 ); font-family: var( --e-global-typography-text-font-family ), Sans-serif; font-size: var( --e-global-typography-text-font-size ); font-style: var( --e-global-typography-text-font-style ); font-weight: var( --e-global-typography-text-font-weight ); letter-spacing: var( --e-global-typography-text-letter-spacing ); text-transform: var( --e-global-typography-text-text-transform ); word-spacing: var( --e-global-typography-text-word-spacing ); text-align: var(--text-align);\">Pracujemy dla szerokiej gamy klient\u00f3w z bran\u017cy motoryzacyjnej, in\u017cynierii mechanicznej, technologii medycznej, przemys\u0142u obronnego i innych sektor\u00f3w.  <\/span><span style=\"color: var( --e-global-color-43e86c6 ); font-family: var( --e-global-typography-text-font-family ), Sans-serif; font-size: var( --e-global-typography-text-font-size ); font-style: var( --e-global-typography-text-font-style ); font-weight: var( --e-global-typography-text-font-weight ); letter-spacing: var( --e-global-typography-text-letter-spacing ); text-transform: var( --e-global-typography-text-text-transform ); word-spacing: var( --e-global-typography-text-word-spacing ); text-align: var(--text-align);\">Jedn\u0105 z naszych mocnych stron jest empatyczne podej\u015bcie do pomys\u0142\u00f3w i \u017cycze\u0144 naszych klient\u00f3w. Opracowujemy innowacyjne rozwi\u0105zania, w tym prototypy, i jeste\u015bmy zaanga\u017cowani w sukces naszych klient\u00f3w. Nawet ma\u0142ym i bardzo ma\u0142ym seriom po\u015bwi\u0119camy tyle samo uwagi, co wi\u0119kszym produkcjom.    <\/span><span style=\"color: var( --e-global-color-43e86c6 ); font-family: var( --e-global-typography-text-font-family ), Sans-serif; font-size: var( --e-global-typography-text-font-size ); font-style: var( --e-global-typography-text-font-style ); font-weight: var( --e-global-typography-text-font-weight ); letter-spacing: var( --e-global-typography-text-letter-spacing ); text-transform: var( --e-global-typography-text-text-transform ); word-spacing: var( --e-global-typography-text-word-spacing ); text-align: var(--text-align);\">Nasi in\u017cynierowie z przyjemno\u015bci\u0105 pomog\u0105 w projektowaniu, a w razie potrzeby mog\u0105 r\u00f3wnie\u017c wykona\u0107 prace ca\u0142kowicie we w\u0142asnym zakresie.<\/span><\/p><p><b><i>SAVO GmbH posiada certyfikat ISO od pa\u017adziernika 2010 roku (9001: 2008).<\/i><\/b><\/p>\t\t\t\t\t\t\t\t<\/div>\n\t\t\t\t<\/div>\n\t\t\t\t<\/div>\n\t\t<div class=\"elementor-element elementor-element-c5e15e0 e-con-full e-flex e-con e-child\" data-id=\"c5e15e0\" data-element_type=\"container\" data-e-type=\"container\" data-settings=\"{&quot;background_background&quot;:&quot;classic&quot;,&quot;animation&quot;:&quot;none&quot;}\">\n\t\t\t\t<div class=\"elementor-element elementor-element-5bab541 elementor-widget elementor-widget-image\" data-id=\"5bab541\" data-element_type=\"widget\" data-e-type=\"widget\" data-widget_type=\"image.default\">\n\t\t\t\t<div class=\"elementor-widget-container\">\n\t\t\t\t\t\t\t\t\t\t\t\t\t\t\t<img decoding=\"async\" width=\"202\" height=\"138\" src=\"https:\/\/www.savo-moulding.com\/wp-content\/uploads\/2024\/05\/tuev_nord2-2.jpg\" class=\"attachment-full size-full wp-image-1872\" alt=\"\" \/>\t\t\t\t\t\t\t\t\t\t\t\t\t\t\t<\/div>\n\t\t\t\t<\/div>\n\t\t\t\t<div class=\"elementor-element elementor-element-6a277b8 elementor-widget elementor-widget-image\" data-id=\"6a277b8\" data-element_type=\"widget\" data-e-type=\"widget\" data-widget_type=\"image.default\">\n\t\t\t\t<div class=\"elementor-widget-container\">\n\t\t\t\t\t\t\t\t\t\t\t\t\t\t\t<img decoding=\"async\" width=\"522\" height=\"245\" src=\"https:\/\/www.savo-moulding.com\/wp-content\/uploads\/2023\/10\/Tuev-nord.svg\" class=\"attachment-full size-full wp-image-2084\" alt=\"\" \/>\t\t\t\t\t\t\t\t\t\t\t\t\t\t\t<\/div>\n\t\t\t\t<\/div>\n\t\t\t\t<\/div>\n\t\t\t\t\t<\/div>\n\t\t\t\t<\/div>\n\t\t<div class=\"elementor-element elementor-element-895f295 e-con-full e-flex e-con e-parent\" data-id=\"895f295\" data-element_type=\"container\" data-e-type=\"container\" data-settings=\"{&quot;background_background&quot;:&quot;classic&quot;}\">\n\t\t<div class=\"elementor-element elementor-element-1ba2dcb e-con-full e-flex e-con e-child\" data-id=\"1ba2dcb\" data-element_type=\"container\" data-e-type=\"container\">\n\t\t\t\t<div class=\"elementor-element elementor-element-00fc292 elementor-invisible elementor-widget elementor-widget-heading\" data-id=\"00fc292\" data-element_type=\"widget\" data-e-type=\"widget\" data-settings=\"{&quot;_animation&quot;:&quot;fadeIn&quot;}\" data-widget_type=\"heading.default\">\n\t\t\t\t<div class=\"elementor-widget-container\">\n\t\t\t\t\t<h2 class=\"elementor-heading-title elementor-size-default\">Chcesz dowiedzie\u0107 si\u0119 o nas wi\u0119cej?<\/h2>\t\t\t\t<\/div>\n\t\t\t\t<\/div>\n\t\t\t\t<div class=\"elementor-element elementor-element-a495777 elementor-invisible elementor-widget elementor-widget-text-editor\" data-id=\"a495777\" data-element_type=\"widget\" data-e-type=\"widget\" data-settings=\"{&quot;_animation&quot;:&quot;fadeIn&quot;,&quot;_animation_delay&quot;:300}\" data-widget_type=\"text-editor.default\">\n\t\t\t\t<div class=\"elementor-widget-container\">\n\t\t\t\t\t\t\t\t\t<p>Skontaktuj si\u0119 z nami przez e-mail, telefon lub formularz zapytania. Czekamy na Twoje zapytanie. <\/p>\t\t\t\t\t\t\t\t<\/div>\n\t\t\t\t<\/div>\n\t\t\t\t<div class=\"elementor-element elementor-element-49dca9d elementor-align-justify elementor-widget__width-initial elementor-invisible elementor-widget elementor-widget-button\" data-id=\"49dca9d\" data-element_type=\"widget\" data-e-type=\"widget\" data-settings=\"{&quot;_animation&quot;:&quot;fadeIn&quot;,&quot;_animation_delay&quot;:600}\" data-widget_type=\"button.default\">\n\t\t\t\t<div class=\"elementor-widget-container\">\n\t\t\t\t\t\t\t\t\t<div class=\"elementor-button-wrapper\">\n\t\t\t\t\t<a class=\"elementor-button elementor-button-link elementor-size-sm\" href=\"https:\/\/www.savo-moulding.com\/kontakt\/#anfrage\">\n\t\t\t\t\t\t<span class=\"elementor-button-content-wrapper\">\n\t\t\t\t\t\t\t\t\t<span class=\"elementor-button-text\">Twoje zapytanie<\/span>\n\t\t\t\t\t<\/span>\n\t\t\t\t\t<\/a>\n\t\t\t\t<\/div>\n\t\t\t\t\t\t\t\t<\/div>\n\t\t\t\t<\/div>\n\t\t\t\t<\/div>\n\t\t<div class=\"elementor-element elementor-element-58c5136 e-con-full e-flex e-con e-child\" data-id=\"58c5136\" data-element_type=\"container\" data-e-type=\"container\" data-settings=\"{&quot;background_background&quot;:&quot;classic&quot;}\">\n\t\t\t\t<\/div>\n\t\t\t\t<\/div>\n\t\t\t\t<\/div>\n\t\t","protected":false},"excerpt":{"rendered":"<p>Wiedza specjalistyczna Produkujemy zgodnie z najwy\u017cszymi standardami. Nasi klienci ciesz\u0105 si\u0119 uznaniem i w zwi\u0105zku z tym maj\u0105 najwy\u017csze oczekiwania. Pracujemy dla szerokiej gamy klient\u00f3w z bran\u017cy motoryzacyjnej, in\u017cynierii mechanicznej, technologii medycznej, przemys\u0142u obronnego i innych sektor\u00f3w. Jedn\u0105 z naszych mocnych stron jest empatyczne podej\u015bcie do pomys\u0142\u00f3w i \u017cycze\u0144 naszych klient\u00f3w. Opracowujemy innowacyjne rozwi\u0105zania, w [&hellip;]<\/p>\n","protected":false},"author":1,"featured_media":0,"parent":0,"menu_order":0,"comment_status":"closed","ping_status":"closed","template":"elementor_header_footer","meta":{"_angie_page":false,"footnotes":""},"class_list":["post-1881","page","type-page","status-publish","hentry"],"_links":{"self":[{"href":"https:\/\/www.savo-moulding.com\/pl\/wp-json\/wp\/v2\/pages\/1881","targetHints":{"allow":["GET"]}}],"collection":[{"href":"https:\/\/www.savo-moulding.com\/pl\/wp-json\/wp\/v2\/pages"}],"about":[{"href":"https:\/\/www.savo-moulding.com\/pl\/wp-json\/wp\/v2\/types\/page"}],"author":[{"embeddable":true,"href":"https:\/\/www.savo-moulding.com\/pl\/wp-json\/wp\/v2\/users\/1"}],"replies":[{"embeddable":true,"href":"https:\/\/www.savo-moulding.com\/pl\/wp-json\/wp\/v2\/comments?post=1881"}],"version-history":[{"count":1,"href":"https:\/\/www.savo-moulding.com\/pl\/wp-json\/wp\/v2\/pages\/1881\/revisions"}],"predecessor-version":[{"id":1884,"href":"https:\/\/www.savo-moulding.com\/pl\/wp-json\/wp\/v2\/pages\/1881\/revisions\/1884"}],"wp:attachment":[{"href":"https:\/\/www.savo-moulding.com\/pl\/wp-json\/wp\/v2\/media?parent=1881"}],"curies":[{"name":"wp","href":"https:\/\/api.w.org\/{rel}","templated":true}]}}